{"id":58,"date":"2020-11-04T20:57:16","date_gmt":"2020-11-04T20:57:16","guid":{"rendered":"https:\/\/montrealmuralartist.ca\/?page_id=58"},"modified":"2021-10-18T19:13:51","modified_gmt":"2021-10-18T19:13:51","slug":"commercial-art","status":"publish","type":"page","link":"https:\/\/montrealmuralartist.ca\/fr\/art-commercial\/","title":{"rendered":"Art commercial"},"content":{"rendered":"<div data-elementor-type=\"wp-page\" data-elementor-id=\"58\" class=\"elementor elementor-58\" data-elementor-settings=\"[]\">\n\t\t\t\t\t\t<div class=\"elementor-inner\">\n\t\t\t\t\t\t\t<div class=\"elementor-section-wrap\">\n\t\t\t\t\t\t\t<section class=\"elementor-section elementor-top-section elementor-element elementor-element-66eb654 elementor-section-boxed elementor-section-height-default elementor-section-height-default\" data-id=\"66eb654\" data-element_type=\"section\">\n\t\t\t\t\t\t<div class=\"elementor-container elementor-column-gap-default\">\n\t\t\t\t\t\t\t<div class=\"elementor-row\">\n\t\t\t\t\t<div class=\"elementor-column elementor-col-100 elementor-top-column elementor-element elementor-element-3ddc10f\" data-id=\"3ddc10f\" data-element_type=\"column\">\n\t\t\t<div class=\"elementor-column-wrap elementor-element-populated\">\n\t\t\t\t\t\t\t<div class=\"elementor-widget-wrap\">\n\t\t\t\t\t\t<div class=\"elementor-element elementor-element-765f4db elementor-widget elementor-widget-heading\" data-id=\"765f4db\" data-element_type=\"widget\" data-widget_type=\"heading.default\">\n\t\t\t\t<div class=\"elementor-widget-container\">\n\t\t\t<h2 class=\"elementor-heading-title elementor-size-default\">Commercial Art Decoration Services in Montreal, Laval and South Shore<\/h2>\t\t<\/div>\n\t\t\t\t<\/div>\n\t\t\t\t\t\t<\/div>\n\t\t\t\t\t<\/div>\n\t\t<\/div>\n\t\t\t\t\t\t\t\t<\/div>\n\t\t\t\t\t<\/div>\n\t\t<\/section>\n\t\t\t\t<section class=\"elementor-section elementor-top-section elementor-element elementor-element-783a178 elementor-section-boxed elementor-section-height-default elementor-section-height-default\" data-id=\"783a178\" data-element_type=\"section\">\n\t\t\t\t\t\t<div class=\"elementor-container elementor-column-gap-default\">\n\t\t\t\t\t\t\t<div class=\"elementor-row\">\n\t\t\t\t\t<div class=\"elementor-column elementor-col-50 elementor-top-column elementor-element elementor-element-6bb58d6\" data-id=\"6bb58d6\" data-element_type=\"column\">\n\t\t\t<div class=\"elementor-column-wrap elementor-element-populated\">\n\t\t\t\t\t\t\t<div class=\"elementor-widget-wrap\">\n\t\t\t\t\t\t<div class=\"elementor-element elementor-element-e6965fb elementor-widget elementor-widget-text-editor\" data-id=\"e6965fb\" data-element_type=\"widget\" data-widget_type=\"text-editor.default\">\n\t\t\t\t<div class=\"elementor-widget-container\">\n\t\t\t\t\t\t\t\t<div class=\"elementor-text-editor elementor-clearfix\">\n\t\t\t\t\t<p>Chaque \u00e9tape et chaque id\u00e9e peuvent permettre \u00e0 votre entreprise de se d\u00e9marquer de la concurrence dans le contexte commercial dynamique contemporain. Quelque chose d'aussi simple qu'un slogan en un seul mot peut augmenter votre port\u00e9e. En tant que tel, l'art commercial vous pr\u00e9sente une excellente opportunit\u00e9 pour un avantage concurrentiel. Il existe aujourd'hui plusieurs types d'\u0153uvres d'art pour les entreprises qui peuvent avoir un impact variable sur votre entreprise. Ici, nous examinerons ces aspects en d\u00e9tail.<\/p>\t\t\t\t\t<\/div>\n\t\t\t\t\t\t<\/div>\n\t\t\t\t<\/div>\n\t\t\t\t<div class=\"elementor-element elementor-element-7b7e251 elementor-widget elementor-widget-image\" data-id=\"7b7e251\" data-element_type=\"widget\" data-widget_type=\"image.default\">\n\t\t\t\t<div class=\"elementor-widget-container\">\n\t\t\t\t\t\t\t\t<div class=\"elementor-image\">\n\t\t\t\t\t\t\t\t\t<figure class=\"wp-caption\">\n\t\t\t\t\t\t\t\t\t\t<img width=\"640\" height=\"427\" src=\"https:\/\/montrealmuralartist.ca\/wp-content\/uploads\/2020\/11\/YOGA-studio-mural-art.jpg\" class=\"attachment-large size-large\" alt=\"YOGA studio mural art\" loading=\"lazy\" srcset=\"https:\/\/montrealmuralartist.ca\/wp-content\/uploads\/2020\/11\/YOGA-studio-mural-art.jpg 640w, https:\/\/montrealmuralartist.ca\/wp-content\/uploads\/2020\/11\/YOGA-studio-mural-art-300x200.jpg 300w\" sizes=\"(max-width: 640px) 100vw, 640px\" \/>\t\t\t\t\t\t\t\t\t\t\t<figcaption class=\"widget-image-caption wp-caption-text\">Art mural dans un studio de yoga<\/figcaption>\n\t\t\t\t\t\t\t\t\t\t<\/figure>\n\t\t\t\t\t\t\t\t<\/div>\n\t\t\t\t\t\t<\/div>\n\t\t\t\t<\/div>\n\t\t\t\t\t\t<\/div>\n\t\t\t\t\t<\/div>\n\t\t<\/div>\n\t\t\t\t<div class=\"elementor-column elementor-col-50 elementor-top-column elementor-element elementor-element-36c15a3\" data-id=\"36c15a3\" data-element_type=\"column\">\n\t\t\t<div class=\"elementor-column-wrap elementor-element-populated\">\n\t\t\t\t\t\t\t<div class=\"elementor-widget-wrap\">\n\t\t\t\t\t\t<div class=\"elementor-element elementor-element-0b11c0d elementor-widget elementor-widget-heading\" data-id=\"0b11c0d\" data-element_type=\"widget\" data-widget_type=\"heading.default\">\n\t\t\t\t<div class=\"elementor-widget-container\">\n\t\t\t<h3 class=\"elementor-heading-title elementor-size-large\">Remplissez le formulaire ci-dessous pour une estimation GRATUITE de votre propri\u00e9t\u00e9 d\u00e8s aujourd'hui!<\/h3>\t\t<\/div>\n\t\t\t\t<\/div>\n\t\t\t\t<div class=\"elementor-element elementor-element-cfe54b4 elementor-widget elementor-widget-htcontactform-addons\" data-id=\"cfe54b4\" data-element_type=\"widget\" data-widget_type=\"htcontactform-addons.default\">\n\t\t\t\t<div class=\"elementor-widget-container\">\n\t\t\t            <div class=\"htcontact-form-wrapper\" >\n                <div role=\"form\" class=\"wpcf7\" id=\"wpcf7-f19-o1\" lang=\"en-US\" dir=\"ltr\">\n<div class=\"screen-reader-response\"><p role=\"status\" aria-live=\"polite\" aria-atomic=\"true\"><\/p> <ul><\/ul><\/div>\n<form action=\"\/fr\/wp-json\/wp\/v2\/pages\/58#wpcf7-f19-o1\" method=\"post\" class=\"wpcf7-form init\" enctype=\"multipart\/form-data\" novalidate=\"novalidate\" data-status=\"init\" data-trp-original-action=\"\/fr\/wp-json\/wp\/v2\/pages\/58#wpcf7-f19-o1\">\n<div style=\"display: none;\">\n<input type=\"hidden\" name=\"_wpcf7\" value=\"19\" \/>\n<input type=\"hidden\" name=\"_wpcf7_version\" value=\"5.4.1\" \/>\n<input type=\"hidden\" name=\"_wpcf7_locale\" value=\"en_US\" \/>\n<input type=\"hidden\" name=\"_wpcf7_unit_tag\" value=\"wpcf7-f19-o1\" \/>\n<input type=\"hidden\" name=\"_wpcf7_container_post\" value=\"0\" \/>\n<input type=\"hidden\" name=\"_wpcf7_posted_data_hash\" value=\"\" \/>\n<\/div>\n<p><label> Votre nom*<br \/>\n    <span class=\"wpcf7-form-control-wrap your-name\"><input type=\"text\" name=\"your-name\" value=\"\" size=\"40\" class=\"wpcf7-form-control wpcf7-text wpcf7-validates-as-required\" aria-required=\"true\" aria-invalid=\"false\" \/><\/span> <\/label><\/p>\n<p><label> Votre adresse Courriel *<br \/>\n    <span class=\"wpcf7-form-control-wrap your-email\"><input type=\"email\" name=\"your-email\" value=\"\" size=\"40\" class=\"wpcf7-form-control wpcf7-text wpcf7-email wpcf7-validates-as-required wpcf7-validates-as-email\" aria-required=\"true\" aria-invalid=\"false\" \/><\/span> <\/label><\/p>\n<p><label> Num\u00e9ro de t\u00e9l\u00e9phone*<br \/>\n<span class=\"wpcf7-form-control-wrap mask-657\"><input type=\"tel\" name=\"mask-657\" value=\"\" class=\"wpcf7-form-control wpcf7mf-mask wpcf7-mask wpcf7-validates-as-required\" size=\"40\" aria-required=\"1\" placeholder=\"(___) ___-____\" data-mask=\"(___) ___-____\" \/><\/span><\/label><\/p>\n<p><label>  T\u00e9l\u00e9charger une photo de l'emplacement (facultatif)<br \/>\n<span class=\"wpcf7-form-control-wrap file-865\"><input type=\"file\" name=\"file-865\" size=\"40\" class=\"wpcf7-form-control wpcf7-file\" accept=\".jpg,.png,.jpeg,.img,.gif\" aria-invalid=\"false\" \/><\/span> <\/label><\/p>\n<p><label> Description du type d'art souhait\u00e9<br \/>\n    <span class=\"wpcf7-form-control-wrap your-message\"><textarea name=\"your-message\" cols=\"40\" rows=\"10\" class=\"wpcf7-form-control wpcf7-textarea\" aria-invalid=\"false\"><\/textarea><\/span> <\/label><\/p>\n<p><input type=\"submit\" value=\"Soumettre\" class=\"wpcf7-form-control wpcf7-submit\" \/><\/p>\n<div class=\"wpcf7-response-output\" aria-hidden=\"true\"><\/div><input type=\"hidden\" name=\"trp-form-language\" value=\"fr\"\/><\/form><\/div>            <\/div>\n\n        \t\t<\/div>\n\t\t\t\t<\/div>\n\t\t\t\t\t\t<\/div>\n\t\t\t\t\t<\/div>\n\t\t<\/div>\n\t\t\t\t\t\t\t\t<\/div>\n\t\t\t\t\t<\/div>\n\t\t<\/section>\n\t\t\t\t<section class=\"elementor-section elementor-top-section elementor-element elementor-element-1553dec elementor-section-boxed elementor-section-height-default elementor-section-height-default\" data-id=\"1553dec\" data-element_type=\"section\">\n\t\t\t\t\t\t<div class=\"elementor-container elementor-column-gap-default\">\n\t\t\t\t\t\t\t<div class=\"elementor-row\">\n\t\t\t\t\t<div class=\"elementor-column elementor-col-100 elementor-top-column elementor-element elementor-element-70dc662\" data-id=\"70dc662\" data-element_type=\"column\">\n\t\t\t<div class=\"elementor-column-wrap elementor-element-populated\">\n\t\t\t\t\t\t\t<div class=\"elementor-widget-wrap\">\n\t\t\t\t\t\t<div class=\"elementor-element elementor-element-f88e6fd elementor-widget elementor-widget-text-editor\" data-id=\"f88e6fd\" data-element_type=\"widget\" data-widget_type=\"text-editor.default\">\n\t\t\t\t<div class=\"elementor-widget-container\">\n\t\t\t\t\t\t\t\t<div class=\"elementor-text-editor elementor-clearfix\">\n\t\t\t\t\t<p><strong>Qu'est-ce que l'art commercial?<\/strong><\/p><p>En g\u00e9n\u00e9ral, toute \u0153uvre d'art \u00e0 des fins commerciales ax\u00e9e sur la vente ou la publicit\u00e9 est connue sous le nom d'art commercial. Les formes modernes d'\u0153uvres d'art commerciales comprennent la conception graphique, la cr\u00e9ation de logos et d'illustrations, et diff\u00e9rentes autres approches artistiques de l'image de marque du produit.<\/p><p>Ainsi, l'art commercial fait r\u00e9f\u00e9rence \u00e0 toutes les formes de services cr\u00e9atifs qui peuvent aider \u00e0 favoriser les int\u00e9r\u00eats commerciaux. Tout, de la couverture de votre magazine hebdomadaire aux perspectives de votre magasin pr\u00e9f\u00e9r\u00e9, utilise des services d\u2019art commerciaux. Cependant, une m\u00e9thode sp\u00e9cifique d'application de l'art commercial est la peinture murale.<\/p><p><a href=\"https:\/\/montrealmuralartist.ca\/fr\/\"><strong>Art mural<\/strong><\/a><\/p><p>Les motifs muraux r\u00e9alis\u00e9s directement sur les murs et les plafonds peuvent \u00eatre une excellente forme d'art commercial. Par exemple, pensez \u00e0 tout mat\u00e9riel publicitaire sp\u00e9cifique que vous avez rep\u00e9r\u00e9 sur votre itin\u00e9raire quotidien. Avez-vous remarqu\u00e9 que certains d'entre eux sont peints directement sur les murs? Oui! C'est exactement \u00e0 quoi ressemble l'art mural commercial.<\/p><p>Habituellement, les entreprises pr\u00e9f\u00e8rent ces \u0153uvres d'art comme forme de publicit\u00e9 permanente. Apr\u00e8s tout, le mur est l\u00e0 pour rester. De plus, les propri\u00e9taires d'entreprises peuvent exiger des illustrations montrant leurs principaux services ou des couleurs \u00e0 l'ext\u00e9rieur de leur si\u00e8ge social.<\/p><p>L'art commercial mural \u00e0 un prix \u00e9lev\u00e9 car il n\u00e9cessite plus d'efforts et de mat\u00e9riel que la plupart des formes traditionnelles d'art mural. Cependant, le potentiel pour la forme d'art d'obtenir de meilleures conversions et plus de clients est \u00e9norme.<\/p><p><strong>Comment obtenir des services d'art mural pour votre entreprise?<\/strong><\/p><p>Nous offrons des services de haute qualit\u00e9 dans le secteur de l'art commercial mural. Contactez-nous maintenant et lancez le processus.<\/p><p>En g\u00e9n\u00e9ral, l\u2019artiste tiendra compte de vos besoins et fera certaines recommandations en fonction de la taille de la zone. Ensuite, ils vous donneront une liste du mat\u00e9riel requis et leurs prix de revient.<\/p><p>Une fois que tout est d\u00e9cid\u00e9, il faut g\u00e9n\u00e9ralement quelques jours \u00e0 l'artiste pour r\u00e9aliser un art commercial mural \u00e0 grande \u00e9chelle. De plus, vous pouvez \u00e9galement avoir besoin d'un permis pour installer de telles \u0153uvres d'art dans des lieux publics.<\/p><p>N'h\u00e9sitez pas \u00e0 utiliser l'art mural commercial pour promouvoir votre marque et votre produit. Il a une valeur esth\u00e9tique inh\u00e9rente et augmente vos chances de succ\u00e8s. Faites-nous savoir si vous \u00eates int\u00e9ress\u00e9 par des services d'art mural commercial \u00e0 <a href=\"tel:5148981213\">(514) 898-1213<\/a><\/p>\t\t\t\t\t<\/div>\n\t\t\t\t\t\t<\/div>\n\t\t\t\t<\/div>\n\t\t\t\t\t\t<\/div>\n\t\t\t\t\t<\/div>\n\t\t<\/div>\n\t\t\t\t\t\t\t\t<\/div>\n\t\t\t\t\t<\/div>\n\t\t<\/section>\n\t\t\t\t\t\t<\/div>\n\t\t\t\t\t\t<\/div>\n\t\t\t\t\t<\/div>","protected":false},"excerpt":{"rendered":"<p>Commercial Art Decoration Services in Montreal, Laval and South Shore Every step and idea can make your business stand out from the competition in the contemporary dynamic business setting. Something as simple as a one-word slogan can increase your outreach. As such, commercial art presents you with an excellent opportunity for a competitive advantage. Multiple&hellip;<\/p>","protected":false},"author":2,"featured_media":0,"parent":0,"menu_order":0,"comment_status":"closed","ping_status":"closed","template":"","meta":[],"yoast_head":"<!-- This site is optimized with the Yoast SEO Premium plugin v15.0 - https:\/\/yoast.com\/wordpress\/plugins\/seo\/ -->\n<title>Commercial Art services - Montreal Mural Artist (514) 568-9750<\/title>\n<meta name=\"description\" content=\"Increase your sales through commercial art elegant wall artworks and increase the value of your business, call\/text us for an estimate today!\" \/>\n<meta name=\"robots\" content=\"index, follow, max-snippet:-1, max-image-preview:large, max-video-preview:-1\" \/>\n<link rel=\"canonical\" href=\"https:\/\/montrealmuralartist.ca\/fr\/art-commercial\/\" \/>\n<meta property=\"og:locale\" content=\"fr_CA\" \/>\n<meta property=\"og:type\" content=\"article\" \/>\n<meta property=\"og:title\" content=\"Commercial Art services - Montreal Mural Artist (514) 568-9750\" \/>\n<meta property=\"og:description\" content=\"Increase your sales through commercial art elegant wall artworks and increase the value of your business, call\/text us for an estimate today!\" \/>\n<meta property=\"og:url\" content=\"https:\/\/montrealmuralartist.ca\/fr\/art-commercial\/\" \/>\n<meta property=\"og:site_name\" content=\"Montreal Mural Artist - (514) 898-1213\" \/>\n<meta property=\"article:modified_time\" content=\"2021-10-18T19:13:51+00:00\" \/>\n<meta property=\"og:image\" content=\"https:\/\/montrealmuralartist.ca\/wp-content\/uploads\/2020\/11\/YOGA-studio-mural-art.jpg\" \/>\n<meta name=\"twitter:card\" content=\"summary_large_image\" \/>\n<script type=\"application\/ld+json\" class=\"yoast-schema-graph\">{\"@context\":\"https:\/\/schema.org\",\"@graph\":[{\"@type\":\"Organization\",\"@id\":\"https:\/\/montrealmuralartist.ca\/fr\/#organization\",\"name\":\"Montreal Mural Artist\",\"url\":\"https:\/\/montrealmuralartist.ca\/fr\/\",\"sameAs\":[],\"logo\":{\"@type\":\"ImageObject\",\"@id\":\"https:\/\/montrealmuralartist.ca\/fr\/#logo\",\"inLanguage\":\"fr-CA\",\"url\":\"https:\/\/montrealmuralartist.ca\/wp-content\/uploads\/2020\/11\/cropped-transparent-resized-bottom.png\",\"width\":225,\"height\":222,\"caption\":\"Montreal Mural Artist\"},\"image\":{\"@id\":\"https:\/\/montrealmuralartist.ca\/fr\/#logo\"}},{\"@type\":\"WebSite\",\"@id\":\"https:\/\/montrealmuralartist.ca\/fr\/#website\",\"url\":\"https:\/\/montrealmuralartist.ca\/fr\/\",\"name\":\"Montreal Mural Artist - (514) 898-1213\",\"description\":\"Elegant Mural Wall Art Residential &amp; Commercial Painting\",\"publisher\":{\"@id\":\"https:\/\/montrealmuralartist.ca\/fr\/#organization\"},\"potentialAction\":[{\"@type\":\"SearchAction\",\"target\":\"https:\/\/montrealmuralartist.ca\/fr\/?s={search_term_string}\",\"query-input\":\"required name=search_term_string\"}],\"inLanguage\":\"fr-CA\"},{\"@type\":\"ImageObject\",\"@id\":\"https:\/\/montrealmuralartist.ca\/commercial-art\/#primaryimage\",\"inLanguage\":\"fr-CA\",\"url\":\"https:\/\/montrealmuralartist.ca\/wp-content\/uploads\/2020\/11\/YOGA-studio-mural-art.jpg\",\"width\":640,\"height\":427,\"caption\":\"YOGA studio mural art\"},{\"@type\":\"WebPage\",\"@id\":\"https:\/\/montrealmuralartist.ca\/commercial-art\/#webpage\",\"url\":\"https:\/\/montrealmuralartist.ca\/commercial-art\/\",\"name\":\"Commercial Art services - Montreal Mural Artist (514) 568-9750\",\"isPartOf\":{\"@id\":\"https:\/\/montrealmuralartist.ca\/fr\/#website\"},\"primaryImageOfPage\":{\"@id\":\"https:\/\/montrealmuralartist.ca\/commercial-art\/#primaryimage\"},\"datePublished\":\"2020-11-04T20:57:16+00:00\",\"dateModified\":\"2021-10-18T19:13:51+00:00\",\"description\":\"Increase your sales through commercial art elegant wall artworks and increase the value of your business, call\/text us for an estimate today!\",\"inLanguage\":\"fr-CA\",\"potentialAction\":[{\"@type\":\"ReadAction\",\"target\":[\"https:\/\/montrealmuralartist.ca\/commercial-art\/\"]}]}]}<\/script>\n<!-- \/ Yoast SEO Premium plugin. -->","_links":{"self":[{"href":"https:\/\/montrealmuralartist.ca\/fr\/wp-json\/wp\/v2\/pages\/58"}],"collection":[{"href":"https:\/\/montrealmuralartist.ca\/fr\/wp-json\/wp\/v2\/pages"}],"about":[{"href":"https:\/\/montrealmuralartist.ca\/fr\/wp-json\/wp\/v2\/types\/page"}],"author":[{"embeddable":true,"href":"https:\/\/montrealmuralartist.ca\/fr\/wp-json\/wp\/v2\/users\/2"}],"replies":[{"embeddable":true,"href":"https:\/\/montrealmuralartist.ca\/fr\/wp-json\/wp\/v2\/comments?post=58"}],"version-history":[{"count":35,"href":"https:\/\/montrealmuralartist.ca\/fr\/wp-json\/wp\/v2\/pages\/58\/revisions"}],"predecessor-version":[{"id":413,"href":"https:\/\/montrealmuralartist.ca\/fr\/wp-json\/wp\/v2\/pages\/58\/revisions\/413"}],"wp:attachment":[{"href":"https:\/\/montrealmuralartist.ca\/fr\/wp-json\/wp\/v2\/media?parent=58"}],"curies":[{"name":"wp","href":"https:\/\/api.w.org\/{rel}","templated":true}]}}