{"id":56,"date":"2020-11-04T20:53:37","date_gmt":"2020-11-04T20:53:37","guid":{"rendered":"https:\/\/montrealmuralartist.ca\/?page_id=56"},"modified":"2021-10-18T19:12:49","modified_gmt":"2021-10-18T19:12:49","slug":"canvas-painting-projects","status":"publish","type":"page","link":"https:\/\/montrealmuralartist.ca\/fr\/projets-de-peinture-toile\/","title":{"rendered":"Toile de peinture"},"content":{"rendered":"<div data-elementor-type=\"wp-page\" data-elementor-id=\"56\" class=\"elementor elementor-56\" data-elementor-settings=\"[]\">\n\t\t\t\t\t\t<div class=\"elementor-inner\">\n\t\t\t\t\t\t\t<div class=\"elementor-section-wrap\">\n\t\t\t\t\t\t\t<section class=\"elementor-section elementor-top-section elementor-element elementor-element-4c370cb elementor-section-boxed elementor-section-height-default elementor-section-height-default\" data-id=\"4c370cb\" data-element_type=\"section\">\n\t\t\t\t\t\t<div class=\"elementor-container elementor-column-gap-default\">\n\t\t\t\t\t\t\t<div class=\"elementor-row\">\n\t\t\t\t\t<div class=\"elementor-column elementor-col-100 elementor-top-column elementor-element elementor-element-7c2496b\" data-id=\"7c2496b\" data-element_type=\"column\">\n\t\t\t<div class=\"elementor-column-wrap elementor-element-populated\">\n\t\t\t\t\t\t\t<div class=\"elementor-widget-wrap\">\n\t\t\t\t\t\t<div class=\"elementor-element elementor-element-cb22342 elementor-widget elementor-widget-heading\" data-id=\"cb22342\" data-element_type=\"widget\" data-widget_type=\"heading.default\">\n\t\t\t\t<div class=\"elementor-widget-container\">\n\t\t\t<h1 class=\"elementor-heading-title elementor-size-default\">Services de peinture de portraits et de toiles \u00e0 Montr\u00e9al, Laval et Rive-Sud<\/h1>\t\t<\/div>\n\t\t\t\t<\/div>\n\t\t\t\t\t\t<\/div>\n\t\t\t\t\t<\/div>\n\t\t<\/div>\n\t\t\t\t\t\t\t\t<\/div>\n\t\t\t\t\t<\/div>\n\t\t<\/section>\n\t\t\t\t<section class=\"elementor-section elementor-top-section elementor-element elementor-element-c154752 elementor-section-boxed elementor-section-height-default elementor-section-height-default\" data-id=\"c154752\" data-element_type=\"section\">\n\t\t\t\t\t\t<div class=\"elementor-container elementor-column-gap-default\">\n\t\t\t\t\t\t\t<div class=\"elementor-row\">\n\t\t\t\t\t<div class=\"elementor-column elementor-col-50 elementor-top-column elementor-element elementor-element-81d50dc\" data-id=\"81d50dc\" data-element_type=\"column\">\n\t\t\t<div class=\"elementor-column-wrap elementor-element-populated\">\n\t\t\t\t\t\t\t<div class=\"elementor-widget-wrap\">\n\t\t\t\t\t\t<div class=\"elementor-element elementor-element-ccf45e3 elementor-widget elementor-widget-text-editor\" data-id=\"ccf45e3\" data-element_type=\"widget\" data-widget_type=\"text-editor.default\">\n\t\t\t\t<div class=\"elementor-widget-container\">\n\t\t\t\t\t\t\t\t<div class=\"elementor-text-editor elementor-clearfix\">\n\t\t\t\t\t<p><strong>Peinture sur toile et portraits<\/strong><\/p><p>Au fil des ans, les artistes ont d\u00e9velopp\u00e9 diff\u00e9rentes formes de <a href=\"https:\/\/montrealmuralartist.ca\/fr\/\">peinture murale<\/a>. Actuellement, il peut utiliser diff\u00e9rents mat\u00e9riaux comme base et utiliser \u00e9galement diff\u00e9rentes structures. Par exemple, les murs, \u00e0 l'int\u00e9rieur des grottes et m\u00eame les c\u00f4t\u00e9s des conteneurs. Cependant, certains types de peintures murales restent plus populaires que d'autres. Ici, nous nous concentrerons sur deux de ces peintures murales: des portraits, des paysages historiques et des toiles. Le premier est un type de peinture murale, tandis que le second pr\u00e9sente un sous-sol unique.<\/p><p><strong>Peinture de portrait<\/strong><\/p><p>Contrairement \u00e0 la peinture sur toile, la peinture de portrait ne fait pas r\u00e9f\u00e9rence au choix du mat\u00e9riau du sous-sol. Au lieu de cela, il fait r\u00e9f\u00e9rence \u00e0 ce que les artistes peint quel que soit le mat\u00e9riau de surface. Comme son nom l'indique, l'artiste peut peindre le portrait de n'importe quelle personne sur n'importe quelle surface de son choix.<\/p><p>Cela peut devenir un excellent cadeau pour exprimer votre amour, votre gentillesse et votre gratitude envers quelqu'un dans des situations personnelles. D'autre part, ils peuvent constituer une excellente m\u00e9thode pour afficher une figure importante de l'entreprise dans des situations commerciales.<\/p><p>Habituellement, la peinture de portrait n\u00e9cessite plus de temps que les autres formes de peintures murales. De plus, vous devrez peut-\u00eatre fournir une photo de la personne si elle n'est pas elle-m\u00eame disponible. En outre, les co\u00fbts sont g\u00e9n\u00e9ralement plus \u00e9lev\u00e9s que les autres formes de peintures murales.<\/p>\t\t\t\t\t<\/div>\n\t\t\t\t\t\t<\/div>\n\t\t\t\t<\/div>\n\t\t\t\t\t\t<\/div>\n\t\t\t\t\t<\/div>\n\t\t<\/div>\n\t\t\t\t<div class=\"elementor-column elementor-col-50 elementor-top-column elementor-element elementor-element-2fda417\" data-id=\"2fda417\" data-element_type=\"column\">\n\t\t\t<div class=\"elementor-column-wrap elementor-element-populated\">\n\t\t\t\t\t\t\t<div class=\"elementor-widget-wrap\">\n\t\t\t\t\t\t<div class=\"elementor-element elementor-element-5c431f3 elementor-widget elementor-widget-heading\" data-id=\"5c431f3\" data-element_type=\"widget\" data-widget_type=\"heading.default\">\n\t\t\t\t<div class=\"elementor-widget-container\">\n\t\t\t<h4 class=\"elementor-heading-title elementor-size-large\">Remplissez le formulaire ci-dessous pour une estimation GRATUITE de votre propri\u00e9t\u00e9 d\u00e8s aujourd'hui!<\/h4>\t\t<\/div>\n\t\t\t\t<\/div>\n\t\t\t\t<div class=\"elementor-element elementor-element-8db188d elementor-widget elementor-widget-htcontactform-addons\" data-id=\"8db188d\" data-element_type=\"widget\" data-widget_type=\"htcontactform-addons.default\">\n\t\t\t\t<div class=\"elementor-widget-container\">\n\t\t\t            <div class=\"htcontact-form-wrapper\" >\n                <div role=\"form\" class=\"wpcf7\" id=\"wpcf7-f19-o1\" lang=\"en-US\" dir=\"ltr\">\n<div class=\"screen-reader-response\"><p role=\"status\" aria-live=\"polite\" aria-atomic=\"true\"><\/p> <ul><\/ul><\/div>\n<form action=\"\/fr\/wp-json\/wp\/v2\/pages\/56#wpcf7-f19-o1\" method=\"post\" class=\"wpcf7-form init\" enctype=\"multipart\/form-data\" novalidate=\"novalidate\" data-status=\"init\" data-trp-original-action=\"\/fr\/wp-json\/wp\/v2\/pages\/56#wpcf7-f19-o1\">\n<div style=\"display: none;\">\n<input type=\"hidden\" name=\"_wpcf7\" value=\"19\" \/>\n<input type=\"hidden\" name=\"_wpcf7_version\" value=\"5.4.1\" \/>\n<input type=\"hidden\" name=\"_wpcf7_locale\" value=\"en_US\" \/>\n<input type=\"hidden\" name=\"_wpcf7_unit_tag\" value=\"wpcf7-f19-o1\" \/>\n<input type=\"hidden\" name=\"_wpcf7_container_post\" value=\"0\" \/>\n<input type=\"hidden\" name=\"_wpcf7_posted_data_hash\" value=\"\" \/>\n<\/div>\n<p><label> Votre nom*<br \/>\n    <span class=\"wpcf7-form-control-wrap your-name\"><input type=\"text\" name=\"your-name\" value=\"\" size=\"40\" class=\"wpcf7-form-control wpcf7-text wpcf7-validates-as-required\" aria-required=\"true\" aria-invalid=\"false\" \/><\/span> <\/label><\/p>\n<p><label> Votre adresse Courriel *<br \/>\n    <span class=\"wpcf7-form-control-wrap your-email\"><input type=\"email\" name=\"your-email\" value=\"\" size=\"40\" class=\"wpcf7-form-control wpcf7-text wpcf7-email wpcf7-validates-as-required wpcf7-validates-as-email\" aria-required=\"true\" aria-invalid=\"false\" \/><\/span> <\/label><\/p>\n<p><label> Num\u00e9ro de t\u00e9l\u00e9phone*<br \/>\n<span class=\"wpcf7-form-control-wrap mask-657\"><input type=\"tel\" name=\"mask-657\" value=\"\" class=\"wpcf7-form-control wpcf7mf-mask wpcf7-mask wpcf7-validates-as-required\" size=\"40\" aria-required=\"1\" placeholder=\"(___) ___-____\" data-mask=\"(___) ___-____\" \/><\/span><\/label><\/p>\n<p><label>  T\u00e9l\u00e9charger une photo de l'emplacement (facultatif)<br \/>\n<span class=\"wpcf7-form-control-wrap file-865\"><input type=\"file\" name=\"file-865\" size=\"40\" class=\"wpcf7-form-control wpcf7-file\" accept=\".jpg,.png,.jpeg,.img,.gif\" aria-invalid=\"false\" \/><\/span> <\/label><\/p>\n<p><label> Description du type d'art souhait\u00e9<br \/>\n    <span class=\"wpcf7-form-control-wrap your-message\"><textarea name=\"your-message\" cols=\"40\" rows=\"10\" class=\"wpcf7-form-control wpcf7-textarea\" aria-invalid=\"false\"><\/textarea><\/span> <\/label><\/p>\n<p><input type=\"submit\" value=\"Soumettre\" class=\"wpcf7-form-control wpcf7-submit\" \/><\/p>\n<div class=\"wpcf7-response-output\" aria-hidden=\"true\"><\/div><input type=\"hidden\" name=\"trp-form-language\" value=\"fr\"\/><\/form><\/div>            <\/div>\n\n        \t\t<\/div>\n\t\t\t\t<\/div>\n\t\t\t\t\t\t<\/div>\n\t\t\t\t\t<\/div>\n\t\t<\/div>\n\t\t\t\t\t\t\t\t<\/div>\n\t\t\t\t\t<\/div>\n\t\t<\/section>\n\t\t\t\t<section class=\"elementor-section elementor-top-section elementor-element elementor-element-6d579bd elementor-section-boxed elementor-section-height-default elementor-section-height-default\" data-id=\"6d579bd\" data-element_type=\"section\">\n\t\t\t\t\t\t<div class=\"elementor-container elementor-column-gap-default\">\n\t\t\t\t\t\t\t<div class=\"elementor-row\">\n\t\t\t\t\t<div class=\"elementor-column elementor-col-50 elementor-top-column elementor-element elementor-element-03080b7\" data-id=\"03080b7\" data-element_type=\"column\">\n\t\t\t<div class=\"elementor-column-wrap elementor-element-populated\">\n\t\t\t\t\t\t\t<div class=\"elementor-widget-wrap\">\n\t\t\t\t\t\t<div class=\"elementor-element elementor-element-470153e elementor-widget elementor-widget-image\" data-id=\"470153e\" data-element_type=\"widget\" data-widget_type=\"image.default\">\n\t\t\t\t<div class=\"elementor-widget-container\">\n\t\t\t\t\t\t\t\t<div class=\"elementor-image\">\n\t\t\t\t\t\t\t\t\t\t\t\t<img width=\"938\" height=\"1024\" src=\"https:\/\/montrealmuralartist.ca\/wp-content\/uploads\/2020\/11\/mural-canvas-e1605115996147-938x1024.jpg\" class=\"attachment-large size-large\" alt=\"\" loading=\"lazy\" srcset=\"https:\/\/montrealmuralartist.ca\/wp-content\/uploads\/2020\/11\/mural-canvas-e1605115996147-938x1024.jpg 938w, https:\/\/montrealmuralartist.ca\/wp-content\/uploads\/2020\/11\/mural-canvas-e1605115996147-275x300.jpg 275w, https:\/\/montrealmuralartist.ca\/wp-content\/uploads\/2020\/11\/mural-canvas-e1605115996147-768x839.jpg 768w, https:\/\/montrealmuralartist.ca\/wp-content\/uploads\/2020\/11\/mural-canvas-e1605115996147.jpg 1078w\" sizes=\"(max-width: 938px) 100vw, 938px\" \/>\t\t\t\t\t\t\t\t\t\t\t\t\t\t<\/div>\n\t\t\t\t\t\t<\/div>\n\t\t\t\t<\/div>\n\t\t\t\t\t\t<\/div>\n\t\t\t\t\t<\/div>\n\t\t<\/div>\n\t\t\t\t<div class=\"elementor-column elementor-col-50 elementor-top-column elementor-element elementor-element-a766034\" data-id=\"a766034\" data-element_type=\"column\">\n\t\t\t<div class=\"elementor-column-wrap elementor-element-populated\">\n\t\t\t\t\t\t\t<div class=\"elementor-widget-wrap\">\n\t\t\t\t\t\t<div class=\"elementor-element elementor-element-dd36ee7 elementor-widget elementor-widget-text-editor\" data-id=\"dd36ee7\" data-element_type=\"widget\" data-widget_type=\"text-editor.default\">\n\t\t\t\t<div class=\"elementor-widget-container\">\n\t\t\t\t\t\t\t\t<div class=\"elementor-text-editor elementor-clearfix\">\n\t\t\t\t\t<p><strong>Peinture murale sur toile<\/strong><\/p><p>En un mot, la peinture murale sur toile fait r\u00e9f\u00e9rence \u00e0 l'\u0153uvre d'art r\u00e9alis\u00e9e directement sur la surface de la toile. Il utilise un tissu uni et durable comme mat\u00e9riau de surface. Ne confondez pas la peinture sur toile en g\u00e9n\u00e9ral avec les peintures murales sur toile.<\/p><p>En g\u00e9n\u00e9ral, les artistes peuvent appliquer diff\u00e9rentes formes de techniques artistiques, comme la mosa\u00efque. Cependant, il prend la forme d'une peinture murale lorsque la peinture est r\u00e9alis\u00e9e directement sur la toile elle-m\u00eame. G\u00e9n\u00e9ralement, l'artiste peut r\u00e9aliser toutes formes de dessins muraux sur la toile.<\/p><p>Ces peintures murales sur toile sont un excellent cadeau pour vos proches. De plus, vous pouvez les convertir en diff\u00e9rents mat\u00e9riaux utiles. Par exemple, convertir une peinture murale en toile en sac \u00e0 main pour votre petite amie. De m\u00eame, vous pouvez cr\u00e9er un excellent art mural en utilisant une toile avec la peinture murale r\u00e9alis\u00e9e dessus.<\/p><p>Cependant, les peintures murales sur toile peuvent ne pas avoir la m\u00eame long\u00e9vit\u00e9 que les peintures murales directes. Le tissu peut se d\u00e9chirer avec le temps et la couleur peut devenir moins \u00e9clatante.<\/p>\t\t\t\t\t<\/div>\n\t\t\t\t\t\t<\/div>\n\t\t\t\t<\/div>\n\t\t\t\t\t\t<\/div>\n\t\t\t\t\t<\/div>\n\t\t<\/div>\n\t\t\t\t\t\t\t\t<\/div>\n\t\t\t\t\t<\/div>\n\t\t<\/section>\n\t\t\t\t<section class=\"elementor-section elementor-top-section elementor-element elementor-element-280f40f elementor-section-boxed elementor-section-height-default elementor-section-height-default\" data-id=\"280f40f\" data-element_type=\"section\">\n\t\t\t\t\t\t<div class=\"elementor-container elementor-column-gap-default\">\n\t\t\t\t\t\t\t<div class=\"elementor-row\">\n\t\t\t\t\t<div class=\"elementor-column elementor-col-50 elementor-top-column elementor-element elementor-element-64a4548\" data-id=\"64a4548\" data-element_type=\"column\">\n\t\t\t<div class=\"elementor-column-wrap elementor-element-populated\">\n\t\t\t\t\t\t\t<div class=\"elementor-widget-wrap\">\n\t\t\t\t\t\t<div class=\"elementor-element elementor-element-be86a6c elementor-widget elementor-widget-text-editor\" data-id=\"be86a6c\" data-element_type=\"widget\" data-widget_type=\"text-editor.default\">\n\t\t\t\t<div class=\"elementor-widget-container\">\n\t\t\t\t\t\t\t\t<div class=\"elementor-text-editor elementor-clearfix\">\n\t\t\t\t\t<p><strong>Paysages historiques<\/strong><\/p><p>Certaines personnes pr\u00e9f\u00e8rent faire peindre des paysages historiques sur leurs murs. Ces paysages peuvent \u00eatre importants pour l'histoire nationale ou locale de la r\u00e9gion. Cependant, il n'est pas n\u00e9cessaire de s'en tenir uniquement aux histoires locales. Les gens peuvent pr\u00e9f\u00e9rer des paysages qui repr\u00e9sentent quelque chose qui s'est pass\u00e9 dans un autre pays ou une autre \u00e9poque.<\/p><p>Les paysages historiques n\u00e9cessitent plus d'espace et peuvent \u00eatre co\u00fbteux. De plus, ils exigent que l'artiste acc\u00e8de continuellement \u00e0 la zone pendant plusieurs jours. Ainsi, cela peut passer avant une difficult\u00e9 pour les r\u00e9sidents actuels si la pi\u00e8ce ou la zone est en cours d'utilisation.<\/p><p>La peinture murale est illimit\u00e9e! Vous avez le choix entre de nombreuses options et nous pouvons effectuer chacun de ces services pour vous. Contactez-nous maintenant au <a href=\"tel:5148981213\">(514) 898-1213<\/a> et r\u00e9servez votre murale d\u00e8s aujourd'hui.<\/p>\t\t\t\t\t<\/div>\n\t\t\t\t\t\t<\/div>\n\t\t\t\t<\/div>\n\t\t\t\t\t\t<\/div>\n\t\t\t\t\t<\/div>\n\t\t<\/div>\n\t\t\t\t<div class=\"elementor-column elementor-col-50 elementor-top-column elementor-element elementor-element-d7fd384\" data-id=\"d7fd384\" data-element_type=\"column\">\n\t\t\t<div class=\"elementor-column-wrap elementor-element-populated\">\n\t\t\t\t\t\t\t<div class=\"elementor-widget-wrap\">\n\t\t\t\t\t\t<div class=\"elementor-element elementor-element-8ebf7bd elementor-widget elementor-widget-image\" data-id=\"8ebf7bd\" data-element_type=\"widget\" data-widget_type=\"image.default\">\n\t\t\t\t<div class=\"elementor-widget-container\">\n\t\t\t\t\t\t\t\t<div class=\"elementor-image\">\n\t\t\t\t\t\t\t\t\t<figure class=\"wp-caption\">\n\t\t\t\t\t\t\t\t\t\t<img width=\"1024\" height=\"768\" src=\"https:\/\/montrealmuralartist.ca\/wp-content\/uploads\/2020\/11\/Ceiling-art-1024x768.jpg\" class=\"attachment-large size-large\" alt=\"Art historique au plafond\" loading=\"lazy\" srcset=\"https:\/\/montrealmuralartist.ca\/wp-content\/uploads\/2020\/11\/Ceiling-art-1024x768.jpg 1024w, https:\/\/montrealmuralartist.ca\/wp-content\/uploads\/2020\/11\/Ceiling-art-300x225.jpg 300w, https:\/\/montrealmuralartist.ca\/wp-content\/uploads\/2020\/11\/Ceiling-art-768x576.jpg 768w, https:\/\/montrealmuralartist.ca\/wp-content\/uploads\/2020\/11\/Ceiling-art.jpg 1080w\" sizes=\"(max-width: 1024px) 100vw, 1024px\" \/>\t\t\t\t\t\t\t\t\t\t\t<figcaption class=\"widget-image-caption wp-caption-text\">Art de plafond historique<\/figcaption>\n\t\t\t\t\t\t\t\t\t\t<\/figure>\n\t\t\t\t\t\t\t\t<\/div>\n\t\t\t\t\t\t<\/div>\n\t\t\t\t<\/div>\n\t\t\t\t\t\t<\/div>\n\t\t\t\t\t<\/div>\n\t\t<\/div>\n\t\t\t\t\t\t\t\t<\/div>\n\t\t\t\t\t<\/div>\n\t\t<\/section>\n\t\t\t\t\t\t<\/div>\n\t\t\t\t\t\t<\/div>\n\t\t\t\t\t<\/div>","protected":false},"excerpt":{"rendered":"<p>Portrait &#038; Canvas Painting Services in Montreal, Laval &#038; South Shore Painting on Canvas and Portraits Over the years, artists have developed different forms of mural painting. Currently, it can use different materials as the base and utilize different structures as well. For example, walls, inside of caves, and even the sides of containers. However,&hellip;<\/p>","protected":false},"author":2,"featured_media":0,"parent":0,"menu_order":0,"comment_status":"closed","ping_status":"closed","template":"","meta":[],"yoast_head":"<!-- This site is optimized with the Yoast SEO Premium plugin v15.0 - https:\/\/yoast.com\/wordpress\/plugins\/seo\/ -->\n<title>Canvas Painting Services - Montreal Mural Artist - (514) 898-1213<\/title>\n<meta name=\"description\" content=\"Portraits and canvas painting for your home or business by a professional artist. Call or text us to schedule a free estimate today!\" \/>\n<meta name=\"robots\" content=\"index, follow, max-snippet:-1, max-image-preview:large, max-video-preview:-1\" \/>\n<link rel=\"canonical\" href=\"https:\/\/montrealmuralartist.ca\/fr\/projets-de-peinture-toile\/\" \/>\n<meta property=\"og:locale\" content=\"fr_CA\" \/>\n<meta property=\"og:type\" content=\"article\" \/>\n<meta property=\"og:title\" content=\"Canvas Painting Services - Montreal Mural Artist - (514) 898-1213\" \/>\n<meta property=\"og:description\" content=\"Portraits and canvas painting for your home or business by a professional artist. Call or text us to schedule a free estimate today!\" \/>\n<meta property=\"og:url\" content=\"https:\/\/montrealmuralartist.ca\/fr\/projets-de-peinture-toile\/\" \/>\n<meta property=\"og:site_name\" content=\"Montreal Mural Artist - (514) 898-1213\" \/>\n<meta property=\"article:modified_time\" content=\"2021-10-18T19:12:49+00:00\" \/>\n<meta property=\"og:image\" content=\"https:\/\/montrealmuralartist.ca\/wp-content\/uploads\/2020\/11\/mural-canvas-e1605115996147-938x1024.jpg\" \/>\n<meta name=\"twitter:card\" content=\"summary_large_image\" \/>\n<script type=\"application\/ld+json\" class=\"yoast-schema-graph\">{\"@context\":\"https:\/\/schema.org\",\"@graph\":[{\"@type\":\"Organization\",\"@id\":\"https:\/\/montrealmuralartist.ca\/fr\/#organization\",\"name\":\"Montreal Mural Artist\",\"url\":\"https:\/\/montrealmuralartist.ca\/fr\/\",\"sameAs\":[],\"logo\":{\"@type\":\"ImageObject\",\"@id\":\"https:\/\/montrealmuralartist.ca\/fr\/#logo\",\"inLanguage\":\"fr-CA\",\"url\":\"https:\/\/montrealmuralartist.ca\/wp-content\/uploads\/2020\/11\/cropped-transparent-resized-bottom.png\",\"width\":225,\"height\":222,\"caption\":\"Montreal Mural Artist\"},\"image\":{\"@id\":\"https:\/\/montrealmuralartist.ca\/fr\/#logo\"}},{\"@type\":\"WebSite\",\"@id\":\"https:\/\/montrealmuralartist.ca\/fr\/#website\",\"url\":\"https:\/\/montrealmuralartist.ca\/fr\/\",\"name\":\"Montreal Mural Artist - (514) 898-1213\",\"description\":\"Elegant Mural Wall Art Residential &amp; Commercial Painting\",\"publisher\":{\"@id\":\"https:\/\/montrealmuralartist.ca\/fr\/#organization\"},\"potentialAction\":[{\"@type\":\"SearchAction\",\"target\":\"https:\/\/montrealmuralartist.ca\/fr\/?s={search_term_string}\",\"query-input\":\"required name=search_term_string\"}],\"inLanguage\":\"fr-CA\"},{\"@type\":\"ImageObject\",\"@id\":\"https:\/\/montrealmuralartist.ca\/canvas-painting-projects\/#primaryimage\",\"inLanguage\":\"fr-CA\",\"url\":\"https:\/\/montrealmuralartist.ca\/wp-content\/uploads\/2020\/11\/mural-canvas-e1605115996147.jpg\",\"width\":1078,\"height\":1177},{\"@type\":\"WebPage\",\"@id\":\"https:\/\/montrealmuralartist.ca\/canvas-painting-projects\/#webpage\",\"url\":\"https:\/\/montrealmuralartist.ca\/canvas-painting-projects\/\",\"name\":\"Canvas Painting Services - Montreal Mural Artist - (514) 898-1213\",\"isPartOf\":{\"@id\":\"https:\/\/montrealmuralartist.ca\/fr\/#website\"},\"primaryImageOfPage\":{\"@id\":\"https:\/\/montrealmuralartist.ca\/canvas-painting-projects\/#primaryimage\"},\"datePublished\":\"2020-11-04T20:53:37+00:00\",\"dateModified\":\"2021-10-18T19:12:49+00:00\",\"description\":\"Portraits and canvas painting for your home or business by a professional artist. Call or text us to schedule a free estimate today!\",\"inLanguage\":\"fr-CA\",\"potentialAction\":[{\"@type\":\"ReadAction\",\"target\":[\"https:\/\/montrealmuralartist.ca\/canvas-painting-projects\/\"]}]}]}<\/script>\n<!-- \/ Yoast SEO Premium plugin. -->","_links":{"self":[{"href":"https:\/\/montrealmuralartist.ca\/fr\/wp-json\/wp\/v2\/pages\/56"}],"collection":[{"href":"https:\/\/montrealmuralartist.ca\/fr\/wp-json\/wp\/v2\/pages"}],"about":[{"href":"https:\/\/montrealmuralartist.ca\/fr\/wp-json\/wp\/v2\/types\/page"}],"author":[{"embeddable":true,"href":"https:\/\/montrealmuralartist.ca\/fr\/wp-json\/wp\/v2\/users\/2"}],"replies":[{"embeddable":true,"href":"https:\/\/montrealmuralartist.ca\/fr\/wp-json\/wp\/v2\/comments?post=56"}],"version-history":[{"count":36,"href":"https:\/\/montrealmuralartist.ca\/fr\/wp-json\/wp\/v2\/pages\/56\/revisions"}],"predecessor-version":[{"id":410,"href":"https:\/\/montrealmuralartist.ca\/fr\/wp-json\/wp\/v2\/pages\/56\/revisions\/410"}],"wp:attachment":[{"href":"https:\/\/montrealmuralartist.ca\/fr\/wp-json\/wp\/v2\/media?parent=56"}],"curies":[{"name":"wp","href":"https:\/\/api.w.org\/{rel}","templated":true}]}}