{"id":3,"date":"2020-11-03T15:58:57","date_gmt":"2020-11-03T15:58:57","guid":{"rendered":"https:\/\/montrealmuralartist.ca\/?page_id=3"},"modified":"2020-11-12T20:19:40","modified_gmt":"2020-11-12T20:19:40","slug":"privacy-policy","status":"publish","type":"page","link":"https:\/\/montrealmuralartist.ca\/fr\/politique-confidentialite\/","title":{"rendered":"Politique de confidentialit\u00e9"},"content":{"rendered":"<div data-elementor-type=\"wp-page\" data-elementor-id=\"3\" class=\"elementor elementor-3\" data-elementor-settings=\"[]\">\n\t\t\t\t\t\t<div class=\"elementor-inner\">\n\t\t\t\t\t\t\t<div class=\"elementor-section-wrap\">\n\t\t\t\t\t\t\t<section class=\"elementor-section elementor-top-section elementor-element elementor-element-4c67e939 elementor-section-boxed elementor-section-height-default elementor-section-height-default\" data-id=\"4c67e939\" data-element_type=\"section\">\n\t\t\t\t\t\t<div class=\"elementor-container elementor-column-gap-default\">\n\t\t\t\t\t\t\t<div class=\"elementor-row\">\n\t\t\t\t\t<div class=\"elementor-column elementor-col-100 elementor-top-column elementor-element elementor-element-45056e9\" data-id=\"45056e9\" data-element_type=\"column\">\n\t\t\t<div class=\"elementor-column-wrap elementor-element-populated\">\n\t\t\t\t\t\t\t<div class=\"elementor-widget-wrap\">\n\t\t\t\t\t\t<div class=\"elementor-element elementor-element-634b5e4b elementor-widget elementor-widget-text-editor\" data-id=\"634b5e4b\" data-element_type=\"widget\" data-widget_type=\"text-editor.default\">\n\t\t\t\t<div class=\"elementor-widget-container\">\n\t\t\t\t\t\t\t\t<div class=\"elementor-text-editor elementor-clearfix\">\n\t\t\t\t\t<div class=\"preview\">\n<h1>Politique de confidentialit\u00e9 de l'artiste mural de Montr\u00e9al<\/h1>\n<p>Chez Montreal Mural Artist, accessible \u00e0 partir de https:\/\/montrealmuralartist.ca, l'une de nos principales priorit\u00e9s est la confidentialit\u00e9 de nos visiteurs. Ce document de politique de confidentialit\u00e9 contient des types d'informations qui sont collect\u00e9es et enregistr\u00e9es par l'artiste mural de Montr\u00e9al et comment nous les utilisons.<\/p>\n<p>Si vous avez des questions suppl\u00e9mentaires ou avez besoin de plus d'informations sur notre politique de confidentialit\u00e9, n'h\u00e9sitez pas \u00e0 nous contacter.<\/p>\n<p>Cette politique de confidentialit\u00e9 s'applique uniquement \u00e0 nos activit\u00e9s en ligne et est valide pour les visiteurs de notre site Web en ce qui concerne les informations qu'ils ont partag\u00e9es et \/ ou collect\u00e9es dans Montreal Mural Artist. Cette politique ne s'applique \u00e0 aucune information collect\u00e9e hors ligne ou via des canaux autres que ce site Web.<\/p>\n<h2>Consentement<\/h2>\n<p>En utilisant notre site Web, vous consentez par la pr\u00e9sente \u00e0 notre politique de confidentialit\u00e9 et acceptez ses conditions.<\/p>\n<h2>Les informations que nous collectons<\/h2>\n<p>Les informations personnelles que vous \u00eates invit\u00e9 \u00e0 fournir, et les raisons pour lesquelles vous \u00eates invit\u00e9 \u00e0 les fournir, vous seront expliqu\u00e9es clairement au moment o\u00f9 nous vous demandons de fournir vos informations personnelles.<\/p>\n<p>Si vous nous contactez directement, nous pouvons recevoir des informations suppl\u00e9mentaires \u00e0 votre sujet telles que votre nom, votre adresse e-mail, votre num\u00e9ro de t\u00e9l\u00e9phone, le contenu du message et \/ ou des pi\u00e8ces jointes que vous pouvez nous envoyer, ainsi que toute autre information que vous pouvez choisir de fournir.<\/p>\n<p>Lorsque vous vous inscrivez pour un compte, nous pouvons vous demander vos coordonn\u00e9es, y compris des \u00e9l\u00e9ments tels que le nom, le nom de l'entreprise, l'adresse, l'adresse e-mail et le num\u00e9ro de t\u00e9l\u00e9phone.<\/p>\n<h2>Comment nous utilisons vos informations<\/h2>\n<p>Nous utilisons les informations que nous collectons de diff\u00e9rentes mani\u00e8res, notamment pour:<\/p>\n<ul>\n<li>Fournir, exploiter et maintenir notre site Web<\/li>\n<li>Am\u00e9liorer, personnaliser et d\u00e9velopper notre site Web<\/li>\n<li>Comprendre et analyser comment vous utilisez notre site Web<\/li>\n<li>D\u00e9velopper de nouveaux produits, services, fonctionnalit\u00e9s et fonctionnalit\u00e9s<\/li>\n<li>Communiquer avec vous, directement ou par l'interm\u00e9diaire de l'un de nos partenaires, y compris pour le service client, pour vous fournir des mises \u00e0 jour et d'autres informations relatives au webste, et \u00e0 des fins de marketing et de promotion<\/li>\n<li>Vous envoyer des courriels<\/li>\n<li>Trouvez et pr\u00e9venez la fraude<\/li>\n<\/ul>\n<h2>Fichiers journaux<\/h2>\n<p>L'artiste mural de Montr\u00e9al suit une proc\u00e9dure standard d'utilisation des fichiers journaux. Ces fichiers enregistrent les visiteurs lorsqu'ils visitent des sites Web. Toutes les soci\u00e9t\u00e9s d'h\u00e9bergement font cela et font partie de l'analyse des services d'h\u00e9bergement. Les informations collect\u00e9es par les fichiers journaux comprennent les adresses de protocole Internet (IP), le type de navigateur, le fournisseur d'acc\u00e8s Internet (FAI), la date et l'heure, les pages de renvoi \/ sortie et \u00e9ventuellement le nombre de clics. Ceux-ci ne sont li\u00e9s \u00e0 aucune information personnellement identifiable. Le but de ces informations est d\u2019analyser les tendances, d\u2019administrer le site, de suivre les mouvements des utilisateurs sur le site Web et de recueillir des informations d\u00e9mographiques.<\/p>\n<h2>Cookies et balises Web<\/h2>\n<p>Comme tout autre site Web, Montreal Mural Artist utilise des \u00abcookies\u00bb. Ces cookies sont utilis\u00e9s pour stocker des informations, y compris les pr\u00e9f\u00e9rences des visiteurs et les pages du site Web auxquelles le visiteur a acc\u00e9d\u00e9 ou visit\u00e9. Les informations sont utilis\u00e9es pour optimiser l'exp\u00e9rience des utilisateurs en personnalisant le contenu de notre page Web en fonction du type de navigateur des visiteurs et \/ ou d'autres informations.<\/p>\n<h2>Cookie Google DoubleClick DART<\/h2>\n<p>Google est l'un des fournisseurs tiers sur notre site. Il utilise \u00e9galement des cookies, appel\u00e9s cookies DART, pour diffuser des publicit\u00e9s aux visiteurs de notre site en fonction de leur visite sur www.website.com et d'autres sites sur Internet. Cependant, les visiteurs peuvent choisir de refuser l'utilisation des cookies DART en visitant la politique de confidentialit\u00e9 de Google Ad and Content Network \u00e0 l'URL suivante - https:\/\/policies.google.com\/technologies\/ads<\/p>\n<h2>Nos partenaires publicitaires<\/h2>\n<p>Certains annonceurs sur notre site peuvent utiliser des cookies et des balises Web. Nos partenaires publicitaires sont r\u00e9pertori\u00e9s ci-dessous. Chacun de nos partenaires publicitaires a sa propre politique de confidentialit\u00e9 pour ses politiques sur les donn\u00e9es des utilisateurs. Pour un acc\u00e8s plus facile, nous avons cr\u00e9\u00e9 un lien hypertexte vers leurs politiques de confidentialit\u00e9 ci-dessous.<\/p>\n<ul>\n<li>\n<p>Google<\/p>\n<p>https:\/\/policies.google.com\/technologies\/ads<\/p>\n<\/li>\n<\/ul>\n<h2>Politiques de confidentialit\u00e9 des partenaires publicitaires<\/h2>\n<p>Vous pouvez consulter cette liste pour trouver la politique de confidentialit\u00e9 de chacun des partenaires publicitaires de Montreal Mural Artist.<\/p>\n<p>Les serveurs publicitaires ou r\u00e9seaux publicitaires tiers utilisent des technologies telles que les cookies, JavaScript ou les balises Web qui sont utilis\u00e9es dans leurs publicit\u00e9s respectives et les liens qui apparaissent sur Montreal Mural Artist, qui sont envoy\u00e9s directement au navigateur des utilisateurs. Ils re\u00e7oivent automatiquement votre adresse IP lorsque cela se produit. Ces technologies sont utilis\u00e9es pour mesurer l'efficacit\u00e9 de leurs campagnes publicitaires et \/ ou pour personnaliser le contenu publicitaire que vous voyez sur les sites Web que vous visitez.<\/p>\n<p>Veuillez noter que Montreal Mural Artist n'a aucun acc\u00e8s ni aucun contr\u00f4le sur ces cookies qui sont utilis\u00e9s par des annonceurs tiers.<\/p>\n<h2>Politiques de confidentialit\u00e9 des tiers<\/h2>\n<p>La politique de confidentialit\u00e9 de l\u2019artiste mural de Montr\u00e9al ne s\u2019applique pas aux autres annonceurs ou sites Web. Ainsi, nous vous conseillons de consulter les politiques de confidentialit\u00e9 respectives de ces serveurs publicitaires tiers pour des informations plus d\u00e9taill\u00e9es. Cela peut inclure leurs pratiques et des instructions sur la fa\u00e7on de refuser certaines options.<\/p>\n<p>Vous pouvez choisir de d\u00e9sactiver les cookies via les options de votre navigateur individuel. Pour obtenir des informations plus d\u00e9taill\u00e9es sur la gestion des cookies avec des navigateurs Web sp\u00e9cifiques, vous pouvez les trouver sur les sites Web respectifs des navigateurs.<\/p>\n<h2>Droits de confidentialit\u00e9 de l'ACCP (ne pas vendre mes informations personnelles)<\/h2>\n<p>En vertu de la CCPA, entre autres droits, les consommateurs californiens ont le droit de:<\/p>\n<p>Demander qu\u2019une entreprise qui recueille les donn\u00e9es personnelles d\u2019un consommateur divulgue les cat\u00e9gories et les donn\u00e9es personnelles sp\u00e9cifiques qu\u2019une entreprise a collect\u00e9es sur les consommateurs.<\/p>\n<p>Demander \u00e0 une entreprise de supprimer toutes les donn\u00e9es personnelles sur le consommateur qu'elle a collect\u00e9es.<\/p>\n<p>Demander qu\u2019une entreprise qui vend les donn\u00e9es personnelles d\u2019un consommateur ne vende pas les donn\u00e9es personnelles du consommateur.<\/p>\n<p>Si vous faites une demande, nous avons un mois pour vous r\u00e9pondre. Si vous souhaitez exercer l'un de ces droits, veuillez nous contacter.<\/p>\n<h2>Droits de protection des donn\u00e9es GDPR<\/h2>\n<p>Nous souhaitons nous assurer que vous connaissez parfaitement tous vos droits en mati\u00e8re de protection des donn\u00e9es. Chaque utilisateur a droit aux avantages suivants:<\/p>\n<p>Le droit d'acc\u00e8s - Vous avez le droit de demander des copies de vos donn\u00e9es personnelles. Nous pouvons vous facturer des frais minimes pour ce service.<\/p>\n<p>Le droit de rectification - Vous avez le droit de demander que nous corrigions toute information que vous estimez inexacte. Vous avez \u00e9galement le droit de demander que nous compl\u00e9tions les informations que vous estimez incompl\u00e8tes.<\/p>\n<p>Le droit \u00e0 l'effacement - Vous avez le droit de demander que nous effacions vos donn\u00e9es personnelles, sous certaines conditions.<\/p>\n<p>Le droit de restreindre le traitement - Vous avez le droit de demander que nous restreignions le traitement de vos donn\u00e9es personnelles, sous certaines conditions.<\/p>\n<p>Le droit de vous opposer au traitement - Vous avez le droit de vous opposer au traitement de vos donn\u00e9es personnelles, sous certaines conditions.<\/p>\n<p>Le droit \u00e0 la portabilit\u00e9 des donn\u00e9es - Vous avez le droit de demander que nous transf\u00e9rions les donn\u00e9es que nous avons collect\u00e9es \u00e0 une autre organisation, ou directement \u00e0 vous, sous certaines conditions.<\/p>\n<p>Si vous faites une demande, nous avons un mois pour vous r\u00e9pondre. Si vous souhaitez exercer l'un de ces droits, veuillez nous contacter.<\/p>\n<h2>Informations sur les enfants<\/h2>\n<p>Une autre partie de notre priorit\u00e9 consiste \u00e0 prot\u00e9ger les enfants lorsqu'ils utilisent Internet. Nous encourageons les parents et les tuteurs \u00e0 observer, participer et \/ ou surveiller et guider leur activit\u00e9 en ligne.<\/p>\n<p>L'artiste mural de Montr\u00e9al ne recueille sciemment aucune information personnelle identifiable d'enfants de moins de 13 ans. Si vous pensez que votre enfant a fourni ce type d'information sur notre site Web, nous vous encourageons fortement \u00e0 nous contacter imm\u00e9diatement et nous ferons de notre mieux pour supprimer rapidement ces informations de nos archives.<\/p>\n<\/div>\n<!-- wp:heading --><!-- \/wp:heading -->\t\t\t\t\t<\/div>\n\t\t\t\t\t\t<\/div>\n\t\t\t\t<\/div>\n\t\t\t\t\t\t<\/div>\n\t\t\t\t\t<\/div>\n\t\t<\/div>\n\t\t\t\t\t\t\t\t<\/div>\n\t\t\t\t\t<\/div>\n\t\t<\/section>\n\t\t\t\t\t\t<\/div>\n\t\t\t\t\t\t<\/div>\n\t\t\t\t\t<\/div>","protected":false},"excerpt":{"rendered":"<p>Privacy Policy for Montreal Mural Artist At Montreal Mural Artist, accessible from https:\/\/montrealmuralartist.ca, one of our main priorities is the privacy of our visitors. This Privacy Policy document contains types of information that is collected and recorded by Montreal Mural Artist and how we use it. If you have additional questions or require more information&hellip;<\/p>","protected":false},"author":2,"featured_media":0,"parent":0,"menu_order":0,"comment_status":"closed","ping_status":"open","template":"","meta":[],"yoast_head":"<!-- This site is optimized with the Yoast SEO Premium plugin v15.0 - https:\/\/yoast.com\/wordpress\/plugins\/seo\/ -->\n<title>Privacy Policy - Montreal Mural Artist - (514) 898-1213<\/title>\n<meta name=\"robots\" content=\"noindex, nofollow\" \/>\n<meta property=\"og:locale\" content=\"fr_CA\" \/>\n<meta property=\"og:type\" content=\"article\" \/>\n<meta property=\"og:title\" content=\"Privacy Policy - Montreal Mural Artist - (514) 898-1213\" \/>\n<meta property=\"og:description\" content=\"Privacy Policy for Montreal Mural Artist At Montreal Mural Artist, accessible from https:\/\/montrealmuralartist.ca, one of our main priorities is the privacy of our visitors. This Privacy Policy document contains types of information that is collected and recorded by Montreal Mural Artist and how we use it. If you have additional questions or require more information&hellip;\" \/>\n<meta property=\"og:url\" content=\"https:\/\/montrealmuralartist.ca\/fr\/politique-confidentialite\/\" \/>\n<meta property=\"og:site_name\" content=\"Montreal Mural Artist - (514) 898-1213\" \/>\n<meta property=\"article:modified_time\" content=\"2020-11-12T20:19:40+00:00\" \/>\n<meta property=\"og:image\" content=\"https:\/\/montrealmuralartist.ca\/wp-content\/uploads\/2020\/11\/cropped-transparent-512x512-1.png\" \/>\n\t<meta property=\"og:image:width\" content=\"512\" \/>\n\t<meta property=\"og:image:height\" content=\"513\" \/>\n<meta name=\"twitter:card\" content=\"summary_large_image\" \/>\n<script type=\"application\/ld+json\" class=\"yoast-schema-graph\">{\"@context\":\"https:\/\/schema.org\",\"@graph\":[{\"@type\":\"Organization\",\"@id\":\"https:\/\/montrealmuralartist.ca\/fr\/#organization\",\"name\":\"Montreal Mural Artist\",\"url\":\"https:\/\/montrealmuralartist.ca\/fr\/\",\"sameAs\":[],\"logo\":{\"@type\":\"ImageObject\",\"@id\":\"https:\/\/montrealmuralartist.ca\/fr\/#logo\",\"inLanguage\":\"fr-CA\",\"url\":\"https:\/\/montrealmuralartist.ca\/wp-content\/uploads\/2020\/11\/cropped-transparent-resized-bottom.png\",\"width\":225,\"height\":222,\"caption\":\"Montreal Mural Artist\"},\"image\":{\"@id\":\"https:\/\/montrealmuralartist.ca\/fr\/#logo\"}},{\"@type\":\"WebSite\",\"@id\":\"https:\/\/montrealmuralartist.ca\/fr\/#website\",\"url\":\"https:\/\/montrealmuralartist.ca\/fr\/\",\"name\":\"Montreal Mural Artist - (514) 898-1213\",\"description\":\"Elegant Mural Wall Art Residential &amp; Commercial Painting\",\"publisher\":{\"@id\":\"https:\/\/montrealmuralartist.ca\/fr\/#organization\"},\"potentialAction\":[{\"@type\":\"SearchAction\",\"target\":\"https:\/\/montrealmuralartist.ca\/fr\/?s={search_term_string}\",\"query-input\":\"required name=search_term_string\"}],\"inLanguage\":\"fr-CA\"},{\"@type\":\"WebPage\",\"@id\":\"https:\/\/montrealmuralartist.ca\/privacy-policy\/#webpage\",\"url\":\"https:\/\/montrealmuralartist.ca\/privacy-policy\/\",\"name\":\"Privacy Policy - Montreal Mural Artist - (514) 898-1213\",\"isPartOf\":{\"@id\":\"https:\/\/montrealmuralartist.ca\/fr\/#website\"},\"datePublished\":\"2020-11-03T15:58:57+00:00\",\"dateModified\":\"2020-11-12T20:19:40+00:00\",\"inLanguage\":\"fr-CA\",\"potentialAction\":[{\"@type\":\"ReadAction\",\"target\":[\"https:\/\/montrealmuralartist.ca\/privacy-policy\/\"]}]}]}<\/script>\n<!-- \/ Yoast SEO Premium plugin. -->","_links":{"self":[{"href":"https:\/\/montrealmuralartist.ca\/fr\/wp-json\/wp\/v2\/pages\/3"}],"collection":[{"href":"https:\/\/montrealmuralartist.ca\/fr\/wp-json\/wp\/v2\/pages"}],"about":[{"href":"https:\/\/montrealmuralartist.ca\/fr\/wp-json\/wp\/v2\/types\/page"}],"author":[{"embeddable":true,"href":"https:\/\/montrealmuralartist.ca\/fr\/wp-json\/wp\/v2\/users\/2"}],"replies":[{"embeddable":true,"href":"https:\/\/montrealmuralartist.ca\/fr\/wp-json\/wp\/v2\/comments?post=3"}],"version-history":[{"count":7,"href":"https:\/\/montrealmuralartist.ca\/fr\/wp-json\/wp\/v2\/pages\/3\/revisions"}],"predecessor-version":[{"id":322,"href":"https:\/\/montrealmuralartist.ca\/fr\/wp-json\/wp\/v2\/pages\/3\/revisions\/322"}],"wp:attachment":[{"href":"https:\/\/montrealmuralartist.ca\/fr\/wp-json\/wp\/v2\/media?parent=3"}],"curies":[{"name":"wp","href":"https:\/\/api.w.org\/{rel}","templated":true}]}}