{"id":234,"date":"2020-11-11T20:26:39","date_gmt":"2020-11-11T20:26:39","guid":{"rendered":"https:\/\/montrealmuralartist.ca\/?page_id=234"},"modified":"2021-10-18T19:14:46","modified_gmt":"2021-10-18T19:14:46","slug":"contact-us","status":"publish","type":"page","link":"https:\/\/montrealmuralartist.ca\/fr\/contactez-nous\/","title":{"rendered":"Contactez-Nous"},"content":{"rendered":"<div data-elementor-type=\"wp-page\" data-elementor-id=\"234\" class=\"elementor elementor-234\" data-elementor-settings=\"[]\">\n\t\t\t\t\t\t<div class=\"elementor-inner\">\n\t\t\t\t\t\t\t<div class=\"elementor-section-wrap\">\n\t\t\t\t\t\t\t<section class=\"elementor-section elementor-top-section elementor-element elementor-element-d640b09 elementor-section-boxed elementor-section-height-default elementor-section-height-default\" data-id=\"d640b09\" data-element_type=\"section\">\n\t\t\t\t\t\t<div class=\"elementor-container elementor-column-gap-default\">\n\t\t\t\t\t\t\t<div class=\"elementor-row\">\n\t\t\t\t\t<div class=\"elementor-column elementor-col-100 elementor-top-column elementor-element elementor-element-eba86cf\" data-id=\"eba86cf\" data-element_type=\"column\">\n\t\t\t<div class=\"elementor-column-wrap elementor-element-populated\">\n\t\t\t\t\t\t\t<div class=\"elementor-widget-wrap\">\n\t\t\t\t\t\t<div class=\"elementor-element elementor-element-66162ca elementor-widget elementor-widget-heading\" data-id=\"66162ca\" data-element_type=\"widget\" data-widget_type=\"heading.default\">\n\t\t\t\t<div class=\"elementor-widget-container\">\n\t\t\t<h1 class=\"elementor-heading-title elementor-size-default\">Contactez-nous pour en savoir plus sur comment int\u00e9grer l'art dans votre vie<\/h1>\t\t<\/div>\n\t\t\t\t<\/div>\n\t\t\t\t\t\t<\/div>\n\t\t\t\t\t<\/div>\n\t\t<\/div>\n\t\t\t\t\t\t\t\t<\/div>\n\t\t\t\t\t<\/div>\n\t\t<\/section>\n\t\t\t\t<section class=\"elementor-section elementor-top-section elementor-element elementor-element-4533989 elementor-section-boxed elementor-section-height-default elementor-section-height-default\" data-id=\"4533989\" data-element_type=\"section\">\n\t\t\t\t\t\t<div class=\"elementor-container elementor-column-gap-default\">\n\t\t\t\t\t\t\t<div class=\"elementor-row\">\n\t\t\t\t\t<div class=\"elementor-column elementor-col-50 elementor-top-column elementor-element elementor-element-7b3b165\" data-id=\"7b3b165\" data-element_type=\"column\">\n\t\t\t<div class=\"elementor-column-wrap elementor-element-populated\">\n\t\t\t\t\t\t\t<div class=\"elementor-widget-wrap\">\n\t\t\t\t\t\t<div class=\"elementor-element elementor-element-c71ff8a elementor-widget elementor-widget-text-editor\" data-id=\"c71ff8a\" data-element_type=\"widget\" data-widget_type=\"text-editor.default\">\n\t\t\t\t<div class=\"elementor-widget-container\">\n\t\t\t\t\t\t\t\t<div class=\"elementor-text-editor elementor-clearfix\">\n\t\t\t\t\t<p>N'h\u00e9sitez pas \u00e0 nous faire part de tout commentaire ou question que vous pourriez avoir sur le formulaire \u00e0 droite. Beaucoup de clients n'ont aucune id\u00e9e de la fa\u00e7on dont nos services peuvent avoir un impact \u00e9norme sur leurs ventes commerciales ou m\u00eame sur leur vie quotidienne \u00e0 domicile. La paix et la tranquillit\u00e9 ressenties lorsque l'on est \u00e0 l'\u00e9coute de l'art est sans pr\u00e9c\u00e9dent.<\/p><p>Si vous \u00eates int\u00e9ress\u00e9 par nos services de peinture et souhaitez conna\u00eetre les zones que nous desservons, consultez la carte ci-dessous pour voir si vous vous trouvez dans le rayon de service. Si vous \u00eates en dehors de cette zone, nous pourrions encore vous accommoder en fonction du type de travail.<\/p>\t\t\t\t\t<\/div>\n\t\t\t\t\t\t<\/div>\n\t\t\t\t<\/div>\n\t\t\t\t<div class=\"elementor-element elementor-element-f08e65f elementor-widget elementor-widget-image\" data-id=\"f08e65f\" data-element_type=\"widget\" data-widget_type=\"image.default\">\n\t\t\t\t<div class=\"elementor-widget-container\">\n\t\t\t\t\t\t\t\t<div class=\"elementor-image\">\n\t\t\t\t\t\t\t\t\t\t\t\t<img width=\"389\" height=\"412\" src=\"https:\/\/montrealmuralartist.ca\/wp-content\/uploads\/2020\/11\/Zone-of-service.jpg\" class=\"attachment-large size-large\" alt=\"Zone of service\" loading=\"lazy\" srcset=\"https:\/\/montrealmuralartist.ca\/wp-content\/uploads\/2020\/11\/Zone-of-service.jpg 389w, https:\/\/montrealmuralartist.ca\/wp-content\/uploads\/2020\/11\/Zone-of-service-283x300.jpg 283w\" sizes=\"(max-width: 389px) 100vw, 389px\" \/>\t\t\t\t\t\t\t\t\t\t\t\t\t\t<\/div>\n\t\t\t\t\t\t<\/div>\n\t\t\t\t<\/div>\n\t\t\t\t\t\t<\/div>\n\t\t\t\t\t<\/div>\n\t\t<\/div>\n\t\t\t\t<div class=\"elementor-column elementor-col-50 elementor-top-column elementor-element elementor-element-8963925\" data-id=\"8963925\" data-element_type=\"column\">\n\t\t\t<div class=\"elementor-column-wrap elementor-element-populated\">\n\t\t\t\t\t\t\t<div class=\"elementor-widget-wrap\">\n\t\t\t\t\t\t<div class=\"elementor-element elementor-element-6bef545 elementor-widget elementor-widget-heading\" data-id=\"6bef545\" data-element_type=\"widget\" data-widget_type=\"heading.default\">\n\t\t\t\t<div class=\"elementor-widget-container\">\n\t\t\t<h2 class=\"elementor-heading-title elementor-size-default\">Remplissez le formulaire ci-dessous pour une estimation GRATUITE de votre propri\u00e9t\u00e9 d\u00e8s aujourd'hui!<\/h2>\t\t<\/div>\n\t\t\t\t<\/div>\n\t\t\t\t<div class=\"elementor-element elementor-element-2fe1dfb elementor-widget elementor-widget-htcontactform-addons\" data-id=\"2fe1dfb\" data-element_type=\"widget\" data-widget_type=\"htcontactform-addons.default\">\n\t\t\t\t<div class=\"elementor-widget-container\">\n\t\t\t            <div class=\"htcontact-form-wrapper\" >\n                <div role=\"form\" class=\"wpcf7\" id=\"wpcf7-f19-o1\" lang=\"en-US\" dir=\"ltr\">\n<div class=\"screen-reader-response\"><p role=\"status\" aria-live=\"polite\" aria-atomic=\"true\"><\/p> <ul><\/ul><\/div>\n<form action=\"\/fr\/wp-json\/wp\/v2\/pages\/234#wpcf7-f19-o1\" method=\"post\" class=\"wpcf7-form init\" enctype=\"multipart\/form-data\" novalidate=\"novalidate\" data-status=\"init\" data-trp-original-action=\"\/fr\/wp-json\/wp\/v2\/pages\/234#wpcf7-f19-o1\">\n<div style=\"display: none;\">\n<input type=\"hidden\" name=\"_wpcf7\" value=\"19\" \/>\n<input type=\"hidden\" name=\"_wpcf7_version\" value=\"5.4.1\" \/>\n<input type=\"hidden\" name=\"_wpcf7_locale\" value=\"en_US\" \/>\n<input type=\"hidden\" name=\"_wpcf7_unit_tag\" value=\"wpcf7-f19-o1\" \/>\n<input type=\"hidden\" name=\"_wpcf7_container_post\" value=\"0\" \/>\n<input type=\"hidden\" name=\"_wpcf7_posted_data_hash\" value=\"\" \/>\n<\/div>\n<p><label> Votre nom*<br \/>\n    <span class=\"wpcf7-form-control-wrap your-name\"><input type=\"text\" name=\"your-name\" value=\"\" size=\"40\" class=\"wpcf7-form-control wpcf7-text wpcf7-validates-as-required\" aria-required=\"true\" aria-invalid=\"false\" \/><\/span> <\/label><\/p>\n<p><label> Votre adresse Courriel *<br \/>\n    <span class=\"wpcf7-form-control-wrap your-email\"><input type=\"email\" name=\"your-email\" value=\"\" size=\"40\" class=\"wpcf7-form-control wpcf7-text wpcf7-email wpcf7-validates-as-required wpcf7-validates-as-email\" aria-required=\"true\" aria-invalid=\"false\" \/><\/span> <\/label><\/p>\n<p><label> Num\u00e9ro de t\u00e9l\u00e9phone*<br \/>\n<span class=\"wpcf7-form-control-wrap mask-657\"><input type=\"tel\" name=\"mask-657\" value=\"\" class=\"wpcf7-form-control wpcf7mf-mask wpcf7-mask wpcf7-validates-as-required\" size=\"40\" aria-required=\"1\" placeholder=\"(___) ___-____\" data-mask=\"(___) ___-____\" \/><\/span><\/label><\/p>\n<p><label>  T\u00e9l\u00e9charger une photo de l'emplacement (facultatif)<br \/>\n<span class=\"wpcf7-form-control-wrap file-865\"><input type=\"file\" name=\"file-865\" size=\"40\" class=\"wpcf7-form-control wpcf7-file\" accept=\".jpg,.png,.jpeg,.img,.gif\" aria-invalid=\"false\" \/><\/span> <\/label><\/p>\n<p><label> Description du type d'art souhait\u00e9<br \/>\n    <span class=\"wpcf7-form-control-wrap your-message\"><textarea name=\"your-message\" cols=\"40\" rows=\"10\" class=\"wpcf7-form-control wpcf7-textarea\" aria-invalid=\"false\"><\/textarea><\/span> <\/label><\/p>\n<p><input type=\"submit\" value=\"Soumettre\" class=\"wpcf7-form-control wpcf7-submit\" \/><\/p>\n<div class=\"wpcf7-response-output\" aria-hidden=\"true\"><\/div><input type=\"hidden\" name=\"trp-form-language\" value=\"fr\"\/><\/form><\/div>            <\/div>\n\n        \t\t<\/div>\n\t\t\t\t<\/div>\n\t\t\t\t<div class=\"elementor-element elementor-element-d73c4f7 elementor-widget elementor-widget-text-editor\" data-id=\"d73c4f7\" data-element_type=\"widget\" data-widget_type=\"text-editor.default\">\n\t\t\t\t<div class=\"elementor-widget-container\">\n\t\t\t\t\t\t\t\t<div class=\"elementor-text-editor elementor-clearfix\">\n\t\t\t\t\t<p>Appelez ou textez nous au <a href=\"tel:5148981213\">(514) 898-1213<\/a> pour obtenir une estimation gratuite de votre propri\u00e9t\u00e9.<\/p>\t\t\t\t\t<\/div>\n\t\t\t\t\t\t<\/div>\n\t\t\t\t<\/div>\n\t\t\t\t\t\t<\/div>\n\t\t\t\t\t<\/div>\n\t\t<\/div>\n\t\t\t\t\t\t\t\t<\/div>\n\t\t\t\t\t<\/div>\n\t\t<\/section>\n\t\t\t\t\t\t<\/div>\n\t\t\t\t\t\t<\/div>\n\t\t\t\t\t<\/div>","protected":false},"excerpt":{"rendered":"<p>Contact us to learn more about how you can incorporate art within your daily lives Feel free to let us know of any comments or questions you may have on the form to the right. Many of clients have no idea how our services can have a huge impact on their commercial sales or even&hellip;<\/p>","protected":false},"author":2,"featured_media":0,"parent":0,"menu_order":0,"comment_status":"closed","ping_status":"closed","template":"","meta":[],"yoast_head":"<!-- This site is optimized with the Yoast SEO Premium plugin v15.0 - https:\/\/yoast.com\/wordpress\/plugins\/seo\/ -->\n<title>Contact Us - Montreal Mural Painting Services (514) 568-9750<\/title>\n<meta name=\"description\" content=\"Contact us to increase the value of your property by painting an elegant wall art by a professional artist for residential and commercial.\" \/>\n<meta name=\"robots\" content=\"index, follow, max-snippet:-1, max-image-preview:large, max-video-preview:-1\" \/>\n<link rel=\"canonical\" href=\"https:\/\/montrealmuralartist.ca\/fr\/contactez-nous\/\" \/>\n<meta property=\"og:locale\" content=\"fr_CA\" \/>\n<meta property=\"og:type\" content=\"article\" \/>\n<meta property=\"og:title\" content=\"Contact Us - Montreal Mural Painting Services (514) 568-9750\" \/>\n<meta property=\"og:description\" content=\"Contact us to increase the value of your property by painting an elegant wall art by a professional artist for residential and commercial.\" \/>\n<meta property=\"og:url\" content=\"https:\/\/montrealmuralartist.ca\/fr\/contactez-nous\/\" \/>\n<meta property=\"og:site_name\" content=\"Montreal Mural Artist - (514) 898-1213\" \/>\n<meta property=\"article:modified_time\" content=\"2021-10-18T19:14:46+00:00\" \/>\n<meta property=\"og:image\" content=\"https:\/\/montrealmuralartist.ca\/wp-content\/uploads\/2020\/11\/Zone-of-service.jpg\" \/>\n<meta name=\"twitter:card\" content=\"summary_large_image\" \/>\n<script type=\"application\/ld+json\" class=\"yoast-schema-graph\">{\"@context\":\"https:\/\/schema.org\",\"@graph\":[{\"@type\":\"Organization\",\"@id\":\"https:\/\/montrealmuralartist.ca\/fr\/#organization\",\"name\":\"Montreal Mural Artist\",\"url\":\"https:\/\/montrealmuralartist.ca\/fr\/\",\"sameAs\":[],\"logo\":{\"@type\":\"ImageObject\",\"@id\":\"https:\/\/montrealmuralartist.ca\/fr\/#logo\",\"inLanguage\":\"fr-CA\",\"url\":\"https:\/\/montrealmuralartist.ca\/wp-content\/uploads\/2020\/11\/cropped-transparent-resized-bottom.png\",\"width\":225,\"height\":222,\"caption\":\"Montreal Mural Artist\"},\"image\":{\"@id\":\"https:\/\/montrealmuralartist.ca\/fr\/#logo\"}},{\"@type\":\"WebSite\",\"@id\":\"https:\/\/montrealmuralartist.ca\/fr\/#website\",\"url\":\"https:\/\/montrealmuralartist.ca\/fr\/\",\"name\":\"Montreal Mural Artist - (514) 898-1213\",\"description\":\"Elegant Mural Wall Art Residential &amp; Commercial Painting\",\"publisher\":{\"@id\":\"https:\/\/montrealmuralartist.ca\/fr\/#organization\"},\"potentialAction\":[{\"@type\":\"SearchAction\",\"target\":\"https:\/\/montrealmuralartist.ca\/fr\/?s={search_term_string}\",\"query-input\":\"required name=search_term_string\"}],\"inLanguage\":\"fr-CA\"},{\"@type\":\"ImageObject\",\"@id\":\"https:\/\/montrealmuralartist.ca\/contact-us\/#primaryimage\",\"inLanguage\":\"fr-CA\",\"url\":\"https:\/\/montrealmuralartist.ca\/wp-content\/uploads\/2020\/11\/Zone-of-service.jpg\",\"width\":389,\"height\":412,\"caption\":\"Zone of service\"},{\"@type\":\"WebPage\",\"@id\":\"https:\/\/montrealmuralartist.ca\/contact-us\/#webpage\",\"url\":\"https:\/\/montrealmuralartist.ca\/contact-us\/\",\"name\":\"Contact Us - Montreal Mural Painting Services (514) 568-9750\",\"isPartOf\":{\"@id\":\"https:\/\/montrealmuralartist.ca\/fr\/#website\"},\"primaryImageOfPage\":{\"@id\":\"https:\/\/montrealmuralartist.ca\/contact-us\/#primaryimage\"},\"datePublished\":\"2020-11-11T20:26:39+00:00\",\"dateModified\":\"2021-10-18T19:14:46+00:00\",\"description\":\"Contact us to increase the value of your property by painting an elegant wall art by a professional artist for residential and commercial.\",\"inLanguage\":\"fr-CA\",\"potentialAction\":[{\"@type\":\"ReadAction\",\"target\":[\"https:\/\/montrealmuralartist.ca\/contact-us\/\"]}]}]}<\/script>\n<!-- \/ Yoast SEO Premium plugin. -->","_links":{"self":[{"href":"https:\/\/montrealmuralartist.ca\/fr\/wp-json\/wp\/v2\/pages\/234"}],"collection":[{"href":"https:\/\/montrealmuralartist.ca\/fr\/wp-json\/wp\/v2\/pages"}],"about":[{"href":"https:\/\/montrealmuralartist.ca\/fr\/wp-json\/wp\/v2\/types\/page"}],"author":[{"embeddable":true,"href":"https:\/\/montrealmuralartist.ca\/fr\/wp-json\/wp\/v2\/users\/2"}],"replies":[{"embeddable":true,"href":"https:\/\/montrealmuralartist.ca\/fr\/wp-json\/wp\/v2\/comments?post=234"}],"version-history":[{"count":8,"href":"https:\/\/montrealmuralartist.ca\/fr\/wp-json\/wp\/v2\/pages\/234\/revisions"}],"predecessor-version":[{"id":416,"href":"https:\/\/montrealmuralartist.ca\/fr\/wp-json\/wp\/v2\/pages\/234\/revisions\/416"}],"wp:attachment":[{"href":"https:\/\/montrealmuralartist.ca\/fr\/wp-json\/wp\/v2\/media?parent=234"}],"curies":[{"name":"wp","href":"https:\/\/api.w.org\/{rel}","templated":true}]}}