{"id":222,"date":"2020-11-11T19:21:53","date_gmt":"2020-11-11T19:21:53","guid":{"rendered":"https:\/\/montrealmuralartist.ca\/?page_id=222"},"modified":"2020-11-12T20:18:35","modified_gmt":"2020-11-12T20:18:35","slug":"terms-and-conditions","status":"publish","type":"page","link":"https:\/\/montrealmuralartist.ca\/fr\/termes-et-conditions\/","title":{"rendered":"Termes et conditions"},"content":{"rendered":"<div data-elementor-type=\"wp-page\" data-elementor-id=\"222\" class=\"elementor elementor-222\" data-elementor-settings=\"[]\">\n\t\t\t\t\t\t<div class=\"elementor-inner\">\n\t\t\t\t\t\t\t<div class=\"elementor-section-wrap\">\n\t\t\t\t\t\t\t<section class=\"elementor-section elementor-top-section elementor-element elementor-element-e87469f elementor-section-boxed elementor-section-height-default elementor-section-height-default\" data-id=\"e87469f\" data-element_type=\"section\">\n\t\t\t\t\t\t<div class=\"elementor-container elementor-column-gap-default\">\n\t\t\t\t\t\t\t<div class=\"elementor-row\">\n\t\t\t\t\t<div class=\"elementor-column elementor-col-100 elementor-top-column elementor-element elementor-element-87b10c4\" data-id=\"87b10c4\" data-element_type=\"column\">\n\t\t\t<div class=\"elementor-column-wrap elementor-element-populated\">\n\t\t\t\t\t\t\t<div class=\"elementor-widget-wrap\">\n\t\t\t\t\t\t<div class=\"elementor-element elementor-element-b6ed0dd elementor-widget elementor-widget-text-editor\" data-id=\"b6ed0dd\" data-element_type=\"widget\" data-widget_type=\"text-editor.default\">\n\t\t\t\t<div class=\"elementor-widget-container\">\n\t\t\t\t\t\t\t\t<div class=\"elementor-text-editor elementor-clearfix\">\n\t\t\t\t\t<div class=\"content\"><h2><strong>Termes et conditions<\/strong><\/h2><p>Bienvenue \u00e0 Montreal Mural Artist!<\/p><p>Les pr\u00e9sentes conditions g\u00e9n\u00e9rales d\u00e9crivent les r\u00e8gles et les r\u00e8glements d\u2019utilisation du site Web de l\u2019artiste mural de Montr\u00e9al, situ\u00e9 \u00e0 l\u2019adresse https:\/\/montrealmuralartist.ca.<\/p><p>En acc\u00e9dant \u00e0 ce site Web, nous supposons que vous acceptez ces termes et conditions. Ne continuez pas \u00e0 utiliser Montreal Mural Artist si vous n'acceptez pas de prendre toutes les modalit\u00e9s et conditions \u00e9nonc\u00e9es sur cette page.<\/p><p>La terminologie suivante s'applique aux pr\u00e9sentes conditions g\u00e9n\u00e9rales, \u00e0 la d\u00e9claration de confidentialit\u00e9 et \u00e0 l'avis de non-responsabilit\u00e9 et \u00e0 tous les accords: \u00abClient\u00bb, \u00abVous\u00bb et \u00abVotre\u00bb font r\u00e9f\u00e9rence \u00e0 vous, la personne connect\u00e9e \u00e0 ce site Web et conforme aux conditions g\u00e9n\u00e9rales de la soci\u00e9t\u00e9. \u00abLa soci\u00e9t\u00e9\u00bb, \u00abnous-m\u00eames\u00bb, \u00abnous\u00bb, \u00abnotre\u00bb et \u00abnous\u00bb d\u00e9signent notre entreprise. \u00abPartie\u00bb, \u00abParties\u00bb ou \u00abNous\u00bb d\u00e9signe \u00e0 la fois le Client et nous-m\u00eames. Toutes les conditions font r\u00e9f\u00e9rence \u00e0 l'offre, \u00e0 l'acceptation et \u00e0 la prise en compte du paiement n\u00e9cessaires pour entreprendre le processus de notre assistance au client de la mani\u00e8re la plus appropri\u00e9e dans le but expr\u00e8s de r\u00e9pondre aux besoins du client en ce qui concerne la fourniture des services d\u00e9clar\u00e9s de la soci\u00e9t\u00e9, conform\u00e9ment \u00e0 et sous r\u00e9serve de la loi en vigueur aux Pays-Bas. Toute utilisation de la terminologie ci-dessus ou d'autres mots au singulier, au pluriel, en majuscules et \/ ou il \/ elle ou eux, est consid\u00e9r\u00e9e comme interchangeable et donc comme faisant r\u00e9f\u00e9rence \u00e0 la m\u00eame chose.<\/p><h3><strong>Cookies<\/strong><\/h3><p>Nous utilisons des cookies. En acc\u00e9dant \u00e0 l'artiste mural de Montr\u00e9al, vous avez accept\u00e9 d'utiliser des cookies en accord avec la politique de confidentialit\u00e9 de l'artiste mural de Montr\u00e9al.<\/p><p>La plupart des sites Web interactifs utilisent des cookies pour nous permettre de r\u00e9cup\u00e9rer les d\u00e9tails de l'utilisateur \u00e0 chaque visite. Les cookies sont utilis\u00e9s par notre site Web pour activer la fonctionnalit\u00e9 de certaines zones afin de faciliter la visite des personnes visitant notre site Web. Certains de nos affili\u00e9s \/ partenaires publicitaires peuvent \u00e9galement utiliser des cookies.<\/p><h3><strong>Licence<\/strong><\/h3><p>Sauf indication contraire, Montreal Mural Artist et \/ ou ses conc\u00e9dants de licence d\u00e9tiennent les droits de propri\u00e9t\u00e9 intellectuelle pour tout le mat\u00e9riel sur Montreal Mural Artist. Tous les droits de propri\u00e9t\u00e9 intellectuelle sont r\u00e9serv\u00e9s. Vous pouvez y acc\u00e9der \u00e0 partir de Montreal Mural Artist pour votre usage personnel, sous r\u00e9serve des restrictions d\u00e9finies dans ces termes et conditions.<\/p><p>Vous ne devez pas:<\/p><ul><li>Republier le mat\u00e9riel de l'artiste mural de Montr\u00e9al<\/li><li>Vendre, louer ou sous-licencier du mat\u00e9riel d'un artiste muraliste de Montr\u00e9al<\/li><li>Reproduire, dupliquer ou copier du mat\u00e9riel de l'artiste muraliste de Montr\u00e9al<\/li><li>Redistribuer le contenu de l'artiste mural montr\u00e9alais<\/li><\/ul><p>Le pr\u00e9sent accord commencera \u00e0 la date des pr\u00e9sentes.<\/p><p>Certaines parties de ce site Web offrent aux utilisateurs la possibilit\u00e9 de publier et d'\u00e9changer des opinions et des informations dans certaines zones du site Web. L'artiste mural de Montr\u00e9al ne filtre pas, ne modifie pas, ne publie pas et ne r\u00e9vise pas les commentaires avant leur pr\u00e9sence sur le site Web. Les commentaires ne refl\u00e8tent pas les points de vue et les opinions de Montreal Mural Artist, de ses agents et \/ ou affili\u00e9s. Les commentaires refl\u00e8tent les points de vue et opinions de la personne qui publie ses points de vue et opinions. Dans la mesure permise par les lois applicables, Montreal Mural Artist ne sera pas responsable des commentaires ou de toute responsabilit\u00e9, dommages ou d\u00e9penses caus\u00e9s et \/ ou subis \u00e0 la suite de toute utilisation et \/ ou publication et \/ ou apparence des commentaires sur ce site.<\/p><p>L'artiste mural de Montr\u00e9al se r\u00e9serve le droit de surveiller tous les commentaires et de supprimer tout commentaire qui peut \u00eatre consid\u00e9r\u00e9 comme inappropri\u00e9, offensant ou qui cause une violation des pr\u00e9sentes conditions g\u00e9n\u00e9rales.<\/p><p>Vous garantissez et d\u00e9clarez que:<\/p><ul><li>Vous avez le droit de publier les commentaires sur notre site Web et disposez de toutes les licences et consentements n\u00e9cessaires pour le faire;<\/li><li>Les Commentaires n'envahissent aucun droit de propri\u00e9t\u00e9 intellectuelle, y compris, sans limitation, le droit d'auteur, le brevet ou la marque de commerce d'un tiers;<\/li><li>Les commentaires ne contiennent aucun mat\u00e9riel diffamatoire, calomnieux, offensant, ind\u00e9cent ou autrement ill\u00e9gal qui constitue une atteinte \u00e0 la vie priv\u00e9e<\/li><li>Les commentaires ne seront pas utilis\u00e9s pour solliciter ou promouvoir des activit\u00e9s commerciales ou personnalis\u00e9es ou pr\u00e9senter des activit\u00e9s commerciales ou des activit\u00e9s ill\u00e9gales.<\/li><\/ul><p>Vous accordez par la pr\u00e9sente \u00e0 Montreal Mural Artist une licence non exclusive pour utiliser, reproduire, \u00e9diter et autoriser d'autres personnes \u00e0 utiliser, reproduire et \u00e9diter n'importe lequel de vos commentaires sous toutes formes, formats ou supports.<\/p><h3><strong>Hyperliens vers notre contenu<\/strong><\/h3><p>Les organisations suivantes peuvent cr\u00e9er un lien vers notre site Web sans approbation \u00e9crite pr\u00e9alable:<\/p><ul><li>Organismes gouvernementaux;<\/li><li>Moteurs de recherche;<\/li><li>Organisations de presse;<\/li><li>Les distributeurs d'annuaires en ligne peuvent cr\u00e9er un lien vers notre site Web de la m\u00eame mani\u00e8re qu'ils cr\u00e9ent un lien hypertexte vers les sites Web d'autres entreprises cot\u00e9es; et<\/li><li>Entreprises accr\u00e9dit\u00e9es \u00e0 l'\u00e9chelle du syst\u00e8me, \u00e0 l'exception de la sollicitation d'organisations \u00e0 but non lucratif, de centres commerciaux caritatifs et de groupes de collecte de fonds caritatifs qui ne peuvent pas cr\u00e9er de lien hypertexte vers notre site Web.<\/li><\/ul><p>Ces organisations peuvent cr\u00e9er un lien vers notre page d'accueil, vers des publications ou vers d'autres informations sur le site Web \u00e0 condition que le lien: (a) ne soit en aucun cas trompeur; (b) n'implique pas \u00e0 tort un parrainage, une approbation ou une approbation de la partie liante et de ses produits et \/ ou services; et (c) s'inscrit dans le contexte du site de la partie liante.<\/p><p>Nous pouvons consid\u00e9rer et approuver d'autres demandes de lien provenant des types d'organisations suivants:<\/p><ul><li>des sources d'informations bien connues sur les consommateurs et \/ ou les entreprises;<\/li><li>sites communautaires dot.com;<\/li><li>associations ou autres groupes repr\u00e9sentant des organismes de bienfaisance;<\/li><li>distributeurs d'annuaires en ligne;<\/li><li>portails Internet;<\/li><li>cabinets comptables, juridiques et de conseil; et<\/li><li>\u00e9tablissements d'enseignement et associations professionnelles.<\/li><\/ul><p>Nous approuverons les demandes de lien de ces organisations si nous d\u00e9cidons que: (a) le lien ne nous ferait pas para\u00eetre d\u00e9favorable \u00e0 nous-m\u00eames ou \u00e0 nos entreprises accr\u00e9dit\u00e9es; (b) l'organisation n'a aucun dossier n\u00e9gatif avec nous; (c) l'avantage pour nous de la visibilit\u00e9 du lien hypertexte compense l'absence de Montreal Mural Artist; et (d) le lien se situe dans le contexte d'informations g\u00e9n\u00e9rales sur les ressources.<\/p><p>Ces organisations peuvent cr\u00e9er un lien vers notre page d'accueil tant que le lien: (a) n'est en aucun cas trompeur; (b) n'implique pas \u00e0 tort un parrainage, une approbation ou une approbation de la partie liante et de ses produits ou services; et (c) s'inscrit dans le contexte du site de la partie liante<\/p><p>Si vous \u00eates l'un des organismes \u00e9num\u00e9r\u00e9s au paragraphe 2 ci-dessus et que vous souhaitez cr\u00e9er un lien vers notre site Web, vous devez nous en informer en envoyant un courriel \u00e0 Montreal Mural Artist. Veuillez inclure votre nom, le nom de votre organisation, vos coordonn\u00e9es ainsi que l'URL de votre site, une liste de toutes les URL \u00e0 partir desquelles vous avez l'intention de cr\u00e9er un lien vers notre site Web et une liste des URL de notre site vers lesquelles vous souhaitez lien. Attendez 2-3 semaines pour une r\u00e9ponse.<\/p><p>Les organisations approuv\u00e9es peuvent cr\u00e9er un hyperlien vers notre site Web comme suit:<\/p><ul><li>En utilisant notre d\u00e9nomination sociale; ou<\/li><li>En utilisant le localisateur de ressources uniforme associ\u00e9 \u00e0; ou<\/li><li>En utilisant toute autre description de notre site Web li\u00e9 \u00e0 qui a du sens dans le contexte et le format du contenu sur le site de la partie liante.<\/li><\/ul><p>Aucune utilisation du logo de l\u2019artiste mural de Montr\u00e9al ou d\u2019autres \u0153uvres d\u2019art ne sera autoris\u00e9e pour les liens en l\u2019absence d\u2019un accord de licence de marque.<\/p><h3><strong>iFrames<\/strong><\/h3><p>Sans approbation pr\u00e9alable et autorisation \u00e9crite, vous ne pouvez pas cr\u00e9er de cadres autour de nos pages Web qui modifient de quelque mani\u00e8re que ce soit la pr\u00e9sentation visuelle ou l'apparence de notre site Web.<\/p><h3><strong>Responsabilit\u00e9 du contenu<\/strong><\/h3><p>Nous ne serons pas tenus responsables de tout contenu qui appara\u00eet sur votre site Web. Vous acceptez de nous prot\u00e9ger et de nous d\u00e9fendre contre toutes les r\u00e9clamations qui s'\u00e9l\u00e8vent sur votre site Web. Aucun lien ne doit appara\u00eetre sur un site Web pouvant \u00eatre interpr\u00e9t\u00e9 comme diffamatoire, obsc\u00e8ne ou criminel, ou qui enfreint, viole ou pr\u00e9conise la violation ou toute autre violation des droits de tiers.<\/p><h3><strong>R\u00e9servation de droits<\/strong><\/h3><p>Nous nous r\u00e9servons le droit de vous demander de supprimer tous les liens ou tout lien particulier vers notre site Web. Vous acceptez de supprimer imm\u00e9diatement tous les liens vers notre site Web sur demande. Nous nous r\u00e9servons \u00e9galement le droit de modifier ces termes et conditions et sa politique de liaison \u00e0 tout moment. En vous connectant continuellement \u00e0 notre site Web, vous acceptez d'\u00eatre li\u00e9 et de suivre ces termes et conditions de liaison.<\/p><h3><strong>Suppression des liens de notre site Web<\/strong><\/h3><p>Si vous trouvez un lien sur notre site Web qui est offensant pour une raison quelconque, vous \u00eates libre de nous contacter et de nous informer \u00e0 tout moment. Nous consid\u00e9rerons les demandes de suppression de liens, mais nous ne sommes pas oblig\u00e9s de le faire ou de vous r\u00e9pondre directement.<\/p><p>Nous ne garantissons pas que les informations sur ce site Web sont correctes, nous ne garantissons pas leur exhaustivit\u00e9 ou leur exactitude; nous ne promettons pas non plus de garantir que le site Web reste disponible ou que le mat\u00e9riel sur le site Web est tenu \u00e0 jour.<\/p><h3><strong>Avertissement<\/strong><\/h3><p>Dans la mesure maximale permise par la loi applicable, nous excluons toutes les repr\u00e9sentations, garanties et conditions relatives \u00e0 notre site Web et \u00e0 l'utilisation de ce site Web. Rien dans cette clause de non-responsabilit\u00e9:<\/p><ul><li>limiter ou exclure notre responsabilit\u00e9 en cas de d\u00e9c\u00e8s ou de blessure corporelle;<\/li><li>limiter ou exclure notre ou votre responsabilit\u00e9 en cas de fraude ou de fausse d\u00e9claration frauduleuse;<\/li><li>limiter l'une de nos ou vos responsabilit\u00e9s d'une mani\u00e8re qui n'est pas autoris\u00e9e par la loi applicable; ou<\/li><li>exclure l'une de nos ou vos responsabilit\u00e9s qui ne peuvent \u00eatre exclues en vertu de la loi applicable.<\/li><\/ul><p>Les limitations et interdictions de responsabilit\u00e9 d\u00e9finies dans la pr\u00e9sente section et ailleurs dans cette clause de non-responsabilit\u00e9: (a) sont soumises au paragraphe pr\u00e9c\u00e9dent; et (b) r\u00e9gir toutes les responsabilit\u00e9s d\u00e9coulant de la clause de non-responsabilit\u00e9, y compris les responsabilit\u00e9s d\u00e9coulant d'un contrat, d'un d\u00e9lit et d'un manquement \u00e0 une obligation l\u00e9gale.<\/p><p>Tant que le site Web et les informations et services sur le site Web sont fournis gratuitement, nous ne serons pas responsables de toute perte ou dommage de quelque nature que ce soit.<\/p><\/div>\t\t\t\t\t<\/div>\n\t\t\t\t\t\t<\/div>\n\t\t\t\t<\/div>\n\t\t\t\t\t\t<\/div>\n\t\t\t\t\t<\/div>\n\t\t<\/div>\n\t\t\t\t\t\t\t\t<\/div>\n\t\t\t\t\t<\/div>\n\t\t<\/section>\n\t\t\t\t\t\t<\/div>\n\t\t\t\t\t\t<\/div>\n\t\t\t\t\t<\/div>","protected":false},"excerpt":{"rendered":"<p>Terms and Conditions Welcome to Montreal Mural Artist! These terms and conditions outline the rules and regulations for the use of Montreal Mural Artist&#8217;s Website, located at https:\/\/montrealmuralartist.ca. By accessing this website we assume you accept these terms and conditions. Do not continue to use Montreal Mural Artist if you do not agree to take&hellip;<\/p>","protected":false},"author":2,"featured_media":0,"parent":0,"menu_order":0,"comment_status":"closed","ping_status":"closed","template":"","meta":[],"yoast_head":"<!-- This site is optimized with the Yoast SEO Premium plugin v15.0 - https:\/\/yoast.com\/wordpress\/plugins\/seo\/ -->\n<title>Terms and Conditions - Montreal Mural Artist - (514) 898-1213<\/title>\n<meta name=\"robots\" content=\"noindex, nofollow\" \/>\n<meta property=\"og:locale\" content=\"fr_CA\" \/>\n<meta property=\"og:type\" content=\"article\" \/>\n<meta property=\"og:title\" content=\"Terms and Conditions - Montreal Mural Artist - (514) 898-1213\" \/>\n<meta property=\"og:description\" content=\"Terms and Conditions Welcome to Montreal Mural Artist! These terms and conditions outline the rules and regulations for the use of Montreal Mural Artist&#8217;s Website, located at https:\/\/montrealmuralartist.ca. By accessing this website we assume you accept these terms and conditions. Do not continue to use Montreal Mural Artist if you do not agree to take&hellip;\" \/>\n<meta property=\"og:url\" content=\"https:\/\/montrealmuralartist.ca\/fr\/termes-et-conditions\/\" \/>\n<meta property=\"og:site_name\" content=\"Montreal Mural Artist - (514) 898-1213\" \/>\n<meta property=\"article:modified_time\" content=\"2020-11-12T20:18:35+00:00\" \/>\n<meta property=\"og:image\" content=\"https:\/\/montrealmuralartist.ca\/wp-content\/uploads\/2020\/11\/cropped-transparent-512x512-1.png\" \/>\n\t<meta property=\"og:image:width\" content=\"512\" \/>\n\t<meta property=\"og:image:height\" content=\"513\" \/>\n<meta name=\"twitter:card\" content=\"summary_large_image\" \/>\n<script type=\"application\/ld+json\" class=\"yoast-schema-graph\">{\"@context\":\"https:\/\/schema.org\",\"@graph\":[{\"@type\":\"Organization\",\"@id\":\"https:\/\/montrealmuralartist.ca\/fr\/#organization\",\"name\":\"Montreal Mural Artist\",\"url\":\"https:\/\/montrealmuralartist.ca\/fr\/\",\"sameAs\":[],\"logo\":{\"@type\":\"ImageObject\",\"@id\":\"https:\/\/montrealmuralartist.ca\/fr\/#logo\",\"inLanguage\":\"fr-CA\",\"url\":\"https:\/\/montrealmuralartist.ca\/wp-content\/uploads\/2020\/11\/cropped-transparent-resized-bottom.png\",\"width\":225,\"height\":222,\"caption\":\"Montreal Mural Artist\"},\"image\":{\"@id\":\"https:\/\/montrealmuralartist.ca\/fr\/#logo\"}},{\"@type\":\"WebSite\",\"@id\":\"https:\/\/montrealmuralartist.ca\/fr\/#website\",\"url\":\"https:\/\/montrealmuralartist.ca\/fr\/\",\"name\":\"Montreal Mural Artist - (514) 898-1213\",\"description\":\"Elegant Mural Wall Art Residential &amp; Commercial Painting\",\"publisher\":{\"@id\":\"https:\/\/montrealmuralartist.ca\/fr\/#organization\"},\"potentialAction\":[{\"@type\":\"SearchAction\",\"target\":\"https:\/\/montrealmuralartist.ca\/fr\/?s={search_term_string}\",\"query-input\":\"required name=search_term_string\"}],\"inLanguage\":\"fr-CA\"},{\"@type\":\"WebPage\",\"@id\":\"https:\/\/montrealmuralartist.ca\/terms-and-conditions\/#webpage\",\"url\":\"https:\/\/montrealmuralartist.ca\/terms-and-conditions\/\",\"name\":\"Terms and Conditions - Montreal Mural Artist - (514) 898-1213\",\"isPartOf\":{\"@id\":\"https:\/\/montrealmuralartist.ca\/fr\/#website\"},\"datePublished\":\"2020-11-11T19:21:53+00:00\",\"dateModified\":\"2020-11-12T20:18:35+00:00\",\"inLanguage\":\"fr-CA\",\"potentialAction\":[{\"@type\":\"ReadAction\",\"target\":[\"https:\/\/montrealmuralartist.ca\/terms-and-conditions\/\"]}]}]}<\/script>\n<!-- \/ Yoast SEO Premium plugin. -->","_links":{"self":[{"href":"https:\/\/montrealmuralartist.ca\/fr\/wp-json\/wp\/v2\/pages\/222"}],"collection":[{"href":"https:\/\/montrealmuralartist.ca\/fr\/wp-json\/wp\/v2\/pages"}],"about":[{"href":"https:\/\/montrealmuralartist.ca\/fr\/wp-json\/wp\/v2\/types\/page"}],"author":[{"embeddable":true,"href":"https:\/\/montrealmuralartist.ca\/fr\/wp-json\/wp\/v2\/users\/2"}],"replies":[{"embeddable":true,"href":"https:\/\/montrealmuralartist.ca\/fr\/wp-json\/wp\/v2\/comments?post=222"}],"version-history":[{"count":8,"href":"https:\/\/montrealmuralartist.ca\/fr\/wp-json\/wp\/v2\/pages\/222\/revisions"}],"predecessor-version":[{"id":321,"href":"https:\/\/montrealmuralartist.ca\/fr\/wp-json\/wp\/v2\/pages\/222\/revisions\/321"}],"wp:attachment":[{"href":"https:\/\/montrealmuralartist.ca\/fr\/wp-json\/wp\/v2\/media?parent=222"}],"curies":[{"name":"wp","href":"https:\/\/api.w.org\/{rel}","templated":true}]}}